{"id":5,"date":"2021-07-05T08:09:47","date_gmt":"2021-07-05T08:09:47","guid":{"rendered":"https:\/\/hotel-continental.ms.decms.eu\/?page_id=5"},"modified":"2025-09-01T13:37:48","modified_gmt":"2025-09-01T13:37:48","slug":"homepage","status":"publish","type":"page","link":"https:\/\/www.hotelcontinentalcremona.it\/fr\/","title":{"rendered":"H\u00f4tel Continental"},"content":{"rendered":"<p>H\u00f4tel embl\u00e9matique de la ville de Cr\u00e9mone, a rouvert ses portes apr\u00e8s une r\u00e9novation compl\u00e8te en 2012 pour inaugurer un nouveau standard d&rsquo;\u00e9l\u00e9gance et d&rsquo;hospitalit\u00e9.<\/p>\n<p>L&rsquo;accueil de l&rsquo;h\u00f4tel est compl\u00e9t\u00e9 au rez-de-chauss\u00e9e par la pizzeria typique et sophistiqu\u00e9e \u00ab\u00a0La Pizza d&rsquo;Autore\u00a0\u00bb,\u00a0deux salles de r\u00e9union et un petit salle de sport.<\/p>\n<p>L&rsquo;h\u00f4tel prot\u00e8ge l&rsquo;environnement et limite les \u00e9missions de CO2 gr\u00e2ce \u00e0 un syst\u00e8me photovolta\u00efque pour produire de l&rsquo;\u00e9lectricit\u00e9 renouvelable, avec la couche isolante qui recouvre les surfaces de toutes les fa\u00e7ades ext\u00e9rieures et avec le syst\u00e8me moderne de pompe \u00e0 chaleur qui recycle l&rsquo;eau chaude g\u00e9n\u00e9r\u00e9e par le syst\u00e8me de climatisation.<\/p>\n<p>L&rsquo;H\u00f4tel ne dispose pas de parking priv\u00e9 mais \u00e0 150 m\u00e8tres se trouve le plus grand parking municipal de Cr\u00e9mone, le parking est public, ext\u00e9rieur et enti\u00e8rement gratuit (Parking Croix Rouge)<\/p>\n<p>\u00c0 l&rsquo;h\u00f4tel est disponible une borne de recharge pour voiture de 22 kW.<\/p>\n","protected":false},"excerpt":{"rendered":"<p>H\u00f4tel embl\u00e9matique de la ville de Cr\u00e9mone, a rouvert ses portes apr\u00e8s une r\u00e9novation compl\u00e8te en 2012 pour inaugurer un nouveau standard d&rsquo;\u00e9l\u00e9gance et d&rsquo;hospitalit\u00e9. L&rsquo;accueil de l&rsquo;h\u00f4tel est compl\u00e9t\u00e9 au rez-de-chauss\u00e9e par la pizzeria typique et sophistiqu\u00e9e \u00ab\u00a0La Pizza d&rsquo;Autore\u00a0\u00bb,\u00a0deux salles de r\u00e9union et un petit salle de sport. L&rsquo;h\u00f4tel prot\u00e8ge l&rsquo;environnement et limite [&hellip;]<\/p>\n","protected":false},"author":17,"featured_media":0,"parent":0,"menu_order":10,"comment_status":"closed","ping_status":"closed","template":"","meta":{"footnotes":""},"class_list":["post-5","page","type-page","status-publish","hentry"],"yoast_head":"<!-- This site is optimized with the Yoast SEO plugin v26.9 - https:\/\/yoast.com\/product\/yoast-seo-wordpress\/ -->\n<title>H\u00f4tel Continental &#8226; h\u00f4tel embl\u00e9matique de la ville de Cr\u00e9mone<\/title>\n<meta name=\"description\" content=\"H\u00f4tel embl\u00e9matique de la ville de Cr\u00e9mone, a rouvert ses portes apr\u00e8s une r\u00e9novation compl\u00e8te en 2012 pour inaugurer un nouveau standard d&#039;\u00e9l\u00e9gance et d&#039;hospitalit\u00e9.  L&#039;accueil de l&#039;h\u00f4tel est compl\u00e9t\u00e9 au rez-de-chauss\u00e9e par la pizzeria typique et sophistiqu\u00e9e &quot;La Pizza d&#039;Autore&quot;,\u00a0deux salles de r\u00e9union et un petit salle de sport.  L&#039;h\u00f4tel prot\u00e8ge l&#039;environnement et limite les \u00e9missions de CO2 gr\u00e2ce \u00e0 un syst\u00e8me photovolta\u00efque pour produire de l&#039;\u00e9lectricit\u00e9 renouvelable, avec la couche isolante qui recouvre les surfaces de toutes les fa\u00e7ades ext\u00e9rieures et avec le syst\u00e8me moderne de pompe \u00e0 chaleur qui recycle l&#039;eau chaude g\u00e9n\u00e9r\u00e9e par le syst\u00e8me de climatisation.  L&#039;H\u00f4tel ne dispose pas de parking priv\u00e9 mais \u00e0 150 m\u00e8tres se trouve le plus grand parking municipal de Cr\u00e9mone, le parking est public, ext\u00e9rieur et enti\u00e8rement gratuit (Parking Croix Rouge)  \u00c0 l&#039;h\u00f4tel est disponible une borne de recharge pour voiture de 22 kW..\" \/>\n<meta name=\"robots\" content=\"index, follow, max-snippet:-1, max-image-preview:large, max-video-preview:-1\" \/>\n<link rel=\"canonical\" href=\"https:\/\/www.hotelcontinentalcremona.it\/fr\/\" \/>\n<meta property=\"og:locale\" content=\"fr_FR\" \/>\n<meta property=\"og:type\" content=\"article\" \/>\n<meta property=\"og:title\" content=\"H\u00f4tel Continental &#8226; h\u00f4tel embl\u00e9matique de la ville de Cr\u00e9mone\" \/>\n<meta property=\"og:description\" content=\"H\u00f4tel embl\u00e9matique de la ville de Cr\u00e9mone, a rouvert ses portes apr\u00e8s une r\u00e9novation compl\u00e8te en 2012 pour inaugurer un nouveau standard d&#039;\u00e9l\u00e9gance et d&#039;hospitalit\u00e9.  L&#039;accueil de l&#039;h\u00f4tel est compl\u00e9t\u00e9 au rez-de-chauss\u00e9e par la pizzeria typique et sophistiqu\u00e9e &quot;La Pizza d&#039;Autore&quot;,\u00a0deux salles de r\u00e9union et un petit salle de sport.  L&#039;h\u00f4tel prot\u00e8ge l&#039;environnement et limite les \u00e9missions de CO2 gr\u00e2ce \u00e0 un syst\u00e8me photovolta\u00efque pour produire de l&#039;\u00e9lectricit\u00e9 renouvelable, avec la couche isolante qui recouvre les surfaces de toutes les fa\u00e7ades ext\u00e9rieures et avec le syst\u00e8me moderne de pompe \u00e0 chaleur qui recycle l&#039;eau chaude g\u00e9n\u00e9r\u00e9e par le syst\u00e8me de climatisation.  L&#039;H\u00f4tel ne dispose pas de parking priv\u00e9 mais \u00e0 150 m\u00e8tres se trouve le plus grand parking municipal de Cr\u00e9mone, le parking est public, ext\u00e9rieur et enti\u00e8rement gratuit (Parking Croix Rouge)  \u00c0 l&#039;h\u00f4tel est disponible une borne de recharge pour voiture de 22 kW..\" \/>\n<meta property=\"og:url\" content=\"https:\/\/www.hotelcontinentalcremona.it\/fr\/\" \/>\n<meta property=\"og:site_name\" content=\"Hotel Continental\" \/>\n<meta property=\"article:modified_time\" content=\"2025-09-01T13:37:48+00:00\" \/>\n<meta name=\"twitter:card\" content=\"summary_large_image\" \/>\n<meta name=\"twitter:label1\" content=\"Dur\u00e9e de lecture estim\u00e9e\" \/>\n\t<meta name=\"twitter:data1\" content=\"1 minute\" \/>\n<script type=\"application\/ld+json\" class=\"yoast-schema-graph\">{\"@context\":\"https:\/\/schema.org\",\"@graph\":[{\"@type\":\"WebPage\",\"@id\":\"https:\/\/www.hotelcontinentalcremona.it\/fr\/\",\"url\":\"https:\/\/www.hotelcontinentalcremona.it\/fr\/\",\"name\":\"H\u00f4tel Continental &#8226; h\u00f4tel embl\u00e9matique de la ville de Cr\u00e9mone\",\"isPartOf\":{\"@id\":\"https:\/\/www.hotelcontinentalcremona.it\/fr\/#website\"},\"datePublished\":\"2021-07-05T08:09:47+00:00\",\"dateModified\":\"2025-09-01T13:37:48+00:00\",\"description\":\"H\u00f4tel embl\u00e9matique de la ville de Cr\u00e9mone, a rouvert ses portes apr\u00e8s une r\u00e9novation compl\u00e8te en 2012 pour inaugurer un nouveau standard d'\u00e9l\u00e9gance et d'hospitalit\u00e9. L'accueil de l'h\u00f4tel est compl\u00e9t\u00e9 au rez-de-chauss\u00e9e par la pizzeria typique et sophistiqu\u00e9e \\\"La Pizza d'Autore\\\",\u00a0deux salles de r\u00e9union et un petit salle de sport. L'h\u00f4tel prot\u00e8ge l'environnement et limite les \u00e9missions de CO2 gr\u00e2ce \u00e0 un syst\u00e8me photovolta\u00efque pour produire de l'\u00e9lectricit\u00e9 renouvelable, avec la couche isolante qui recouvre les surfaces de toutes les fa\u00e7ades ext\u00e9rieures et avec le syst\u00e8me moderne de pompe \u00e0 chaleur qui recycle l'eau chaude g\u00e9n\u00e9r\u00e9e par le syst\u00e8me de climatisation. L'H\u00f4tel ne dispose pas de parking priv\u00e9 mais \u00e0 150 m\u00e8tres se trouve le plus grand parking municipal de Cr\u00e9mone, le parking est public, ext\u00e9rieur et enti\u00e8rement gratuit (Parking Croix Rouge) \u00c0 l'h\u00f4tel est disponible une borne de recharge pour voiture de 22 kW..\",\"breadcrumb\":{\"@id\":\"https:\/\/www.hotelcontinentalcremona.it\/fr\/#breadcrumb\"},\"inLanguage\":\"fr-FR\",\"potentialAction\":[{\"@type\":\"ReadAction\",\"target\":[\"https:\/\/www.hotelcontinentalcremona.it\/fr\/\"]}]},{\"@type\":\"BreadcrumbList\",\"@id\":\"https:\/\/www.hotelcontinentalcremona.it\/fr\/#breadcrumb\",\"itemListElement\":[{\"@type\":\"ListItem\",\"position\":1,\"name\":\"Home\",\"item\":\"https:\/\/www.hotelcontinentalcremona.it\/fr\/\"},{\"@type\":\"ListItem\",\"position\":2,\"name\":\"H\u00f4tel Continental\"}]},{\"@type\":\"WebSite\",\"@id\":\"https:\/\/www.hotelcontinentalcremona.it\/fr\/#website\",\"url\":\"https:\/\/www.hotelcontinentalcremona.it\/fr\/\",\"name\":\"Hotel Continental\",\"description\":\"Just another ms.decms.eu site\",\"potentialAction\":[{\"@type\":\"SearchAction\",\"target\":{\"@type\":\"EntryPoint\",\"urlTemplate\":\"https:\/\/www.hotelcontinentalcremona.it\/fr\/?s={search_term_string}\"},\"query-input\":{\"@type\":\"PropertyValueSpecification\",\"valueRequired\":true,\"valueName\":\"search_term_string\"}}],\"inLanguage\":\"fr-FR\"}]}<\/script>\n<!-- \/ Yoast SEO plugin. -->","yoast_head_json":{"title":"H\u00f4tel Continental &#8226; h\u00f4tel embl\u00e9matique de la ville de Cr\u00e9mone","description":"H\u00f4tel embl\u00e9matique de la ville de Cr\u00e9mone, a rouvert ses portes apr\u00e8s une r\u00e9novation compl\u00e8te en 2012 pour inaugurer un nouveau standard d'\u00e9l\u00e9gance et d'hospitalit\u00e9.  L'accueil de l'h\u00f4tel est compl\u00e9t\u00e9 au rez-de-chauss\u00e9e par la pizzeria typique et sophistiqu\u00e9e \"La Pizza d'Autore\",\u00a0deux salles de r\u00e9union et un petit salle de sport.  L'h\u00f4tel prot\u00e8ge l'environnement et limite les \u00e9missions de CO2 gr\u00e2ce \u00e0 un syst\u00e8me photovolta\u00efque pour produire de l'\u00e9lectricit\u00e9 renouvelable, avec la couche isolante qui recouvre les surfaces de toutes les fa\u00e7ades ext\u00e9rieures et avec le syst\u00e8me moderne de pompe \u00e0 chaleur qui recycle l'eau chaude g\u00e9n\u00e9r\u00e9e par le syst\u00e8me de climatisation.  L'H\u00f4tel ne dispose pas de parking priv\u00e9 mais \u00e0 150 m\u00e8tres se trouve le plus grand parking municipal de Cr\u00e9mone, le parking est public, ext\u00e9rieur et enti\u00e8rement gratuit (Parking Croix Rouge)  \u00c0 l'h\u00f4tel est disponible une borne de recharge pour voiture de 22 kW..","robots":{"index":"index","follow":"follow","max-snippet":"max-snippet:-1","max-image-preview":"max-image-preview:large","max-video-preview":"max-video-preview:-1"},"canonical":"https:\/\/www.hotelcontinentalcremona.it\/fr\/","og_locale":"fr_FR","og_type":"article","og_title":"H\u00f4tel Continental &#8226; h\u00f4tel embl\u00e9matique de la ville de Cr\u00e9mone","og_description":"H\u00f4tel embl\u00e9matique de la ville de Cr\u00e9mone, a rouvert ses portes apr\u00e8s une r\u00e9novation compl\u00e8te en 2012 pour inaugurer un nouveau standard d'\u00e9l\u00e9gance et d'hospitalit\u00e9.  L'accueil de l'h\u00f4tel est compl\u00e9t\u00e9 au rez-de-chauss\u00e9e par la pizzeria typique et sophistiqu\u00e9e \"La Pizza d'Autore\",\u00a0deux salles de r\u00e9union et un petit salle de sport.  L'h\u00f4tel prot\u00e8ge l'environnement et limite les \u00e9missions de CO2 gr\u00e2ce \u00e0 un syst\u00e8me photovolta\u00efque pour produire de l'\u00e9lectricit\u00e9 renouvelable, avec la couche isolante qui recouvre les surfaces de toutes les fa\u00e7ades ext\u00e9rieures et avec le syst\u00e8me moderne de pompe \u00e0 chaleur qui recycle l'eau chaude g\u00e9n\u00e9r\u00e9e par le syst\u00e8me de climatisation.  L'H\u00f4tel ne dispose pas de parking priv\u00e9 mais \u00e0 150 m\u00e8tres se trouve le plus grand parking municipal de Cr\u00e9mone, le parking est public, ext\u00e9rieur et enti\u00e8rement gratuit (Parking Croix Rouge)  \u00c0 l'h\u00f4tel est disponible une borne de recharge pour voiture de 22 kW..","og_url":"https:\/\/www.hotelcontinentalcremona.it\/fr\/","og_site_name":"Hotel Continental","article_modified_time":"2025-09-01T13:37:48+00:00","twitter_card":"summary_large_image","twitter_misc":{"Dur\u00e9e de lecture estim\u00e9e":"1 minute"},"schema":{"@context":"https:\/\/schema.org","@graph":[{"@type":"WebPage","@id":"https:\/\/www.hotelcontinentalcremona.it\/fr\/","url":"https:\/\/www.hotelcontinentalcremona.it\/fr\/","name":"H\u00f4tel Continental &#8226; h\u00f4tel embl\u00e9matique de la ville de Cr\u00e9mone","isPartOf":{"@id":"https:\/\/www.hotelcontinentalcremona.it\/fr\/#website"},"datePublished":"2021-07-05T08:09:47+00:00","dateModified":"2025-09-01T13:37:48+00:00","description":"H\u00f4tel embl\u00e9matique de la ville de Cr\u00e9mone, a rouvert ses portes apr\u00e8s une r\u00e9novation compl\u00e8te en 2012 pour inaugurer un nouveau standard d'\u00e9l\u00e9gance et d'hospitalit\u00e9. L'accueil de l'h\u00f4tel est compl\u00e9t\u00e9 au rez-de-chauss\u00e9e par la pizzeria typique et sophistiqu\u00e9e \"La Pizza d'Autore\",\u00a0deux salles de r\u00e9union et un petit salle de sport. L'h\u00f4tel prot\u00e8ge l'environnement et limite les \u00e9missions de CO2 gr\u00e2ce \u00e0 un syst\u00e8me photovolta\u00efque pour produire de l'\u00e9lectricit\u00e9 renouvelable, avec la couche isolante qui recouvre les surfaces de toutes les fa\u00e7ades ext\u00e9rieures et avec le syst\u00e8me moderne de pompe \u00e0 chaleur qui recycle l'eau chaude g\u00e9n\u00e9r\u00e9e par le syst\u00e8me de climatisation. L'H\u00f4tel ne dispose pas de parking priv\u00e9 mais \u00e0 150 m\u00e8tres se trouve le plus grand parking municipal de Cr\u00e9mone, le parking est public, ext\u00e9rieur et enti\u00e8rement gratuit (Parking Croix Rouge) \u00c0 l'h\u00f4tel est disponible une borne de recharge pour voiture de 22 kW..","breadcrumb":{"@id":"https:\/\/www.hotelcontinentalcremona.it\/fr\/#breadcrumb"},"inLanguage":"fr-FR","potentialAction":[{"@type":"ReadAction","target":["https:\/\/www.hotelcontinentalcremona.it\/fr\/"]}]},{"@type":"BreadcrumbList","@id":"https:\/\/www.hotelcontinentalcremona.it\/fr\/#breadcrumb","itemListElement":[{"@type":"ListItem","position":1,"name":"Home","item":"https:\/\/www.hotelcontinentalcremona.it\/fr\/"},{"@type":"ListItem","position":2,"name":"H\u00f4tel Continental"}]},{"@type":"WebSite","@id":"https:\/\/www.hotelcontinentalcremona.it\/fr\/#website","url":"https:\/\/www.hotelcontinentalcremona.it\/fr\/","name":"Hotel Continental","description":"Just another ms.decms.eu site","potentialAction":[{"@type":"SearchAction","target":{"@type":"EntryPoint","urlTemplate":"https:\/\/www.hotelcontinentalcremona.it\/fr\/?s={search_term_string}"},"query-input":{"@type":"PropertyValueSpecification","valueRequired":true,"valueName":"search_term_string"}}],"inLanguage":"fr-FR"}]}},"acf":[],"_links":{"self":[{"href":"https:\/\/www.hotelcontinentalcremona.it\/fr\/wp-json\/wp\/v2\/pages\/5","targetHints":{"allow":["GET"]}}],"collection":[{"href":"https:\/\/www.hotelcontinentalcremona.it\/fr\/wp-json\/wp\/v2\/pages"}],"about":[{"href":"https:\/\/www.hotelcontinentalcremona.it\/fr\/wp-json\/wp\/v2\/types\/page"}],"author":[{"embeddable":true,"href":"https:\/\/www.hotelcontinentalcremona.it\/fr\/wp-json\/wp\/v2\/users\/17"}],"replies":[{"embeddable":true,"href":"https:\/\/www.hotelcontinentalcremona.it\/fr\/wp-json\/wp\/v2\/comments?post=5"}],"version-history":[{"count":0,"href":"https:\/\/www.hotelcontinentalcremona.it\/fr\/wp-json\/wp\/v2\/pages\/5\/revisions"}],"wp:attachment":[{"href":"https:\/\/www.hotelcontinentalcremona.it\/fr\/wp-json\/wp\/v2\/media?parent=5"}],"curies":[{"name":"wp","href":"https:\/\/api.w.org\/{rel}","templated":true}]}}