{"id":380,"date":"2021-09-17T14:57:25","date_gmt":"2021-09-17T14:57:25","guid":{"rendered":"https:\/\/hotel-continental.ms.decms.eu\/?page_id=380"},"modified":"2025-04-16T14:37:30","modified_gmt":"2025-04-16T14:37:30","slug":"la-pizza-dautore","status":"publish","type":"page","link":"https:\/\/www.hotelcontinentalcremona.it\/fr\/restauration\/la-pizza-dautore\/","title":{"rendered":"La pizza d&rsquo;autore"},"content":{"rendered":"<p><strong>PIZZERIA D\u2019AUTORE<\/strong>, situ\u00e9e \u00e0 l\u2019int\u00e9rieur de l\u2019<strong>H\u00f4tel Continental<\/strong>,<br \/>\nest bien plus qu\u2019une simple pizzeria : c\u2019est un lieu o\u00f9 la passion pour l\u2019art de la pizza rencontre l\u2019excellence des ingr\u00e9dients et la cr\u00e9ativit\u00e9 d\u2019un ma\u00eetre pizzaiolo. Chaque pizza est pens\u00e9e comme une v\u00e9ritable \u0153uvre d\u2019auteur, avec des p\u00e2tes \u00e0 longue fermentation, des farines soigneusement s\u00e9lectionn\u00e9es et des garnitures qui subliment les saveurs du terroir, tout en s\u2019ouvrant \u00e0 des influences gastronomiques.<\/p>\n<p>L\u2019ambiance raffin\u00e9e et chaleureuse, alli\u00e9e \u00e0 un service soign\u00e9 et attentionn\u00e9, fait de <strong>Pizzeria D\u2019AUTORE<\/strong> le choix id\u00e9al pour vivre une exp\u00e9rience culinaire unique au c\u0153ur de Cr\u00e9mone \u2014 entre tradition, innovation et une touche d\u2019\u00e9l\u00e9gance.<\/p>\n<p>La pizzeria est ouverte pour le d\u00e9jeuner et le d\u00eener. <strong>Ferm\u00e9e le mardi.<\/strong><\/p>\n<p><strong>T\u00e9l. : +<\/strong>39 333-3797950<\/p>\n","protected":false},"excerpt":{"rendered":"<p>PIZZERIA D\u2019AUTORE, situ\u00e9e \u00e0 l\u2019int\u00e9rieur de l\u2019H\u00f4tel Continental, est bien plus qu\u2019une simple pizzeria : c\u2019est un lieu o\u00f9 la passion pour l\u2019art de la pizza rencontre l\u2019excellence des ingr\u00e9dients et la cr\u00e9ativit\u00e9 d\u2019un ma\u00eetre pizzaiolo. Chaque pizza est pens\u00e9e comme une v\u00e9ritable \u0153uvre d\u2019auteur, avec des p\u00e2tes \u00e0 longue fermentation, des farines soigneusement s\u00e9lectionn\u00e9es [&hellip;]<\/p>\n","protected":false},"author":344,"featured_media":0,"parent":374,"menu_order":20,"comment_status":"closed","ping_status":"closed","template":"template-sigle-restaurant.php","meta":{"footnotes":""},"class_list":["post-380","page","type-page","status-publish","hentry"],"yoast_head":"<!-- This site is optimized with the Yoast SEO plugin v26.9 - https:\/\/yoast.com\/product\/yoast-seo-wordpress\/ -->\n<title>La pizza d&#039;autore &#8226; Hotel Continental &#8226;<\/title>\n<meta name=\"description\" content=\"PIZZERIA D\u2019AUTORE, situ\u00e9e \u00e0 l\u2019int\u00e9rieur de l\u2019H\u00f4tel Continental, est bien plus qu\u2019une simple pizzeria : c\u2019est un lieu o\u00f9 la passion pour l\u2019art de la pizza rencontre l\u2019excellence des ingr\u00e9dients et la cr\u00e9ativit\u00e9 d\u2019un ma\u00eetre pizzaiolo. Chaque pizza est pens\u00e9e comme une v\u00e9ritable \u0153uvre d\u2019auteur, avec des p\u00e2tes \u00e0 longue fermentation, des farines soigneusement s\u00e9lectionn\u00e9es et des garnitures qui subliment les saveurs du terroir, tout en s\u2019ouvrant \u00e0 des influences gastronomiques.  L\u2019ambiance raffin\u00e9e et chaleureuse, alli\u00e9e \u00e0 un service soign\u00e9 et attentionn\u00e9, fait de Pizzeria D\u2019AUTORE le choix id\u00e9al pour vivre une exp\u00e9rience culinaire unique au c\u0153ur de Cr\u00e9mone \u2014 entre tradition, innovation et une touche d\u2019\u00e9l\u00e9gance.  La pizzeria est ouverte pour le d\u00e9jeuner et le d\u00eener\" \/>\n<meta name=\"robots\" content=\"index, follow, max-snippet:-1, max-image-preview:large, max-video-preview:-1\" \/>\n<link rel=\"canonical\" href=\"https:\/\/www.hotelcontinentalcremona.it\/fr\/restauration\/la-pizza-dautore\/\" \/>\n<meta property=\"og:locale\" content=\"fr_FR\" \/>\n<meta property=\"og:type\" content=\"article\" \/>\n<meta property=\"og:title\" content=\"La pizza d&#039;autore &#8226; Hotel Continental &#8226;\" \/>\n<meta property=\"og:description\" content=\"PIZZERIA D\u2019AUTORE, situ\u00e9e \u00e0 l\u2019int\u00e9rieur de l\u2019H\u00f4tel Continental, est bien plus qu\u2019une simple pizzeria : c\u2019est un lieu o\u00f9 la passion pour l\u2019art de la pizza rencontre l\u2019excellence des ingr\u00e9dients et la cr\u00e9ativit\u00e9 d\u2019un ma\u00eetre pizzaiolo. Chaque pizza est pens\u00e9e comme une v\u00e9ritable \u0153uvre d\u2019auteur, avec des p\u00e2tes \u00e0 longue fermentation, des farines soigneusement s\u00e9lectionn\u00e9es et des garnitures qui subliment les saveurs du terroir, tout en s\u2019ouvrant \u00e0 des influences gastronomiques.  L\u2019ambiance raffin\u00e9e et chaleureuse, alli\u00e9e \u00e0 un service soign\u00e9 et attentionn\u00e9, fait de Pizzeria D\u2019AUTORE le choix id\u00e9al pour vivre une exp\u00e9rience culinaire unique au c\u0153ur de Cr\u00e9mone \u2014 entre tradition, innovation et une touche d\u2019\u00e9l\u00e9gance.  La pizzeria est ouverte pour le d\u00e9jeuner et le d\u00eener\" \/>\n<meta property=\"og:url\" content=\"https:\/\/www.hotelcontinentalcremona.it\/fr\/restauration\/la-pizza-dautore\/\" \/>\n<meta property=\"og:site_name\" content=\"Hotel Continental\" \/>\n<meta property=\"article:modified_time\" content=\"2025-04-16T14:37:30+00:00\" \/>\n<meta name=\"twitter:card\" content=\"summary_large_image\" \/>\n<meta name=\"twitter:label1\" content=\"Dur\u00e9e de lecture estim\u00e9e\" \/>\n\t<meta name=\"twitter:data1\" content=\"1 minute\" \/>\n<script type=\"application\/ld+json\" class=\"yoast-schema-graph\">{\"@context\":\"https:\/\/schema.org\",\"@graph\":[{\"@type\":\"WebPage\",\"@id\":\"https:\/\/www.hotelcontinentalcremona.it\/fr\/restauration\/la-pizza-dautore\/\",\"url\":\"https:\/\/www.hotelcontinentalcremona.it\/fr\/restauration\/la-pizza-dautore\/\",\"name\":\"La pizza d'autore &#8226; Hotel Continental &#8226;\",\"isPartOf\":{\"@id\":\"https:\/\/www.hotelcontinentalcremona.it\/fr\/#website\"},\"datePublished\":\"2021-09-17T14:57:25+00:00\",\"dateModified\":\"2025-04-16T14:37:30+00:00\",\"description\":\"PIZZERIA D\u2019AUTORE, situ\u00e9e \u00e0 l\u2019int\u00e9rieur de l\u2019H\u00f4tel Continental, est bien plus qu\u2019une simple pizzeria : c\u2019est un lieu o\u00f9 la passion pour l\u2019art de la pizza rencontre l\u2019excellence des ingr\u00e9dients et la cr\u00e9ativit\u00e9 d\u2019un ma\u00eetre pizzaiolo. Chaque pizza est pens\u00e9e comme une v\u00e9ritable \u0153uvre d\u2019auteur, avec des p\u00e2tes \u00e0 longue fermentation, des farines soigneusement s\u00e9lectionn\u00e9es et des garnitures qui subliment les saveurs du terroir, tout en s\u2019ouvrant \u00e0 des influences gastronomiques. L\u2019ambiance raffin\u00e9e et chaleureuse, alli\u00e9e \u00e0 un service soign\u00e9 et attentionn\u00e9, fait de Pizzeria D\u2019AUTORE le choix id\u00e9al pour vivre une exp\u00e9rience culinaire unique au c\u0153ur de Cr\u00e9mone \u2014 entre tradition, innovation et une touche d\u2019\u00e9l\u00e9gance. La pizzeria est ouverte pour le d\u00e9jeuner et le d\u00eener\",\"breadcrumb\":{\"@id\":\"https:\/\/www.hotelcontinentalcremona.it\/fr\/restauration\/la-pizza-dautore\/#breadcrumb\"},\"inLanguage\":\"fr-FR\",\"potentialAction\":[{\"@type\":\"ReadAction\",\"target\":[\"https:\/\/www.hotelcontinentalcremona.it\/fr\/restauration\/la-pizza-dautore\/\"]}]},{\"@type\":\"BreadcrumbList\",\"@id\":\"https:\/\/www.hotelcontinentalcremona.it\/fr\/restauration\/la-pizza-dautore\/#breadcrumb\",\"itemListElement\":[{\"@type\":\"ListItem\",\"position\":1,\"name\":\"Home\",\"item\":\"https:\/\/www.hotelcontinentalcremona.it\/fr\/\"},{\"@type\":\"ListItem\",\"position\":2,\"name\":\"Restauration\",\"item\":\"https:\/\/www.hotelcontinentalcremona.it\/fr\/restauration\/\"},{\"@type\":\"ListItem\",\"position\":3,\"name\":\"La pizza d&#8217;autore\"}]},{\"@type\":\"WebSite\",\"@id\":\"https:\/\/www.hotelcontinentalcremona.it\/fr\/#website\",\"url\":\"https:\/\/www.hotelcontinentalcremona.it\/fr\/\",\"name\":\"Hotel Continental\",\"description\":\"Just another ms.decms.eu site\",\"potentialAction\":[{\"@type\":\"SearchAction\",\"target\":{\"@type\":\"EntryPoint\",\"urlTemplate\":\"https:\/\/www.hotelcontinentalcremona.it\/fr\/?s={search_term_string}\"},\"query-input\":{\"@type\":\"PropertyValueSpecification\",\"valueRequired\":true,\"valueName\":\"search_term_string\"}}],\"inLanguage\":\"fr-FR\"}]}<\/script>\n<!-- \/ Yoast SEO plugin. -->","yoast_head_json":{"title":"La pizza d'autore &#8226; Hotel Continental &#8226;","description":"PIZZERIA D\u2019AUTORE, situ\u00e9e \u00e0 l\u2019int\u00e9rieur de l\u2019H\u00f4tel Continental, est bien plus qu\u2019une simple pizzeria : c\u2019est un lieu o\u00f9 la passion pour l\u2019art de la pizza rencontre l\u2019excellence des ingr\u00e9dients et la cr\u00e9ativit\u00e9 d\u2019un ma\u00eetre pizzaiolo. Chaque pizza est pens\u00e9e comme une v\u00e9ritable \u0153uvre d\u2019auteur, avec des p\u00e2tes \u00e0 longue fermentation, des farines soigneusement s\u00e9lectionn\u00e9es et des garnitures qui subliment les saveurs du terroir, tout en s\u2019ouvrant \u00e0 des influences gastronomiques.  L\u2019ambiance raffin\u00e9e et chaleureuse, alli\u00e9e \u00e0 un service soign\u00e9 et attentionn\u00e9, fait de Pizzeria D\u2019AUTORE le choix id\u00e9al pour vivre une exp\u00e9rience culinaire unique au c\u0153ur de Cr\u00e9mone \u2014 entre tradition, innovation et une touche d\u2019\u00e9l\u00e9gance.  La pizzeria est ouverte pour le d\u00e9jeuner et le d\u00eener","robots":{"index":"index","follow":"follow","max-snippet":"max-snippet:-1","max-image-preview":"max-image-preview:large","max-video-preview":"max-video-preview:-1"},"canonical":"https:\/\/www.hotelcontinentalcremona.it\/fr\/restauration\/la-pizza-dautore\/","og_locale":"fr_FR","og_type":"article","og_title":"La pizza d'autore &#8226; Hotel Continental &#8226;","og_description":"PIZZERIA D\u2019AUTORE, situ\u00e9e \u00e0 l\u2019int\u00e9rieur de l\u2019H\u00f4tel Continental, est bien plus qu\u2019une simple pizzeria : c\u2019est un lieu o\u00f9 la passion pour l\u2019art de la pizza rencontre l\u2019excellence des ingr\u00e9dients et la cr\u00e9ativit\u00e9 d\u2019un ma\u00eetre pizzaiolo. Chaque pizza est pens\u00e9e comme une v\u00e9ritable \u0153uvre d\u2019auteur, avec des p\u00e2tes \u00e0 longue fermentation, des farines soigneusement s\u00e9lectionn\u00e9es et des garnitures qui subliment les saveurs du terroir, tout en s\u2019ouvrant \u00e0 des influences gastronomiques.  L\u2019ambiance raffin\u00e9e et chaleureuse, alli\u00e9e \u00e0 un service soign\u00e9 et attentionn\u00e9, fait de Pizzeria D\u2019AUTORE le choix id\u00e9al pour vivre une exp\u00e9rience culinaire unique au c\u0153ur de Cr\u00e9mone \u2014 entre tradition, innovation et une touche d\u2019\u00e9l\u00e9gance.  La pizzeria est ouverte pour le d\u00e9jeuner et le d\u00eener","og_url":"https:\/\/www.hotelcontinentalcremona.it\/fr\/restauration\/la-pizza-dautore\/","og_site_name":"Hotel Continental","article_modified_time":"2025-04-16T14:37:30+00:00","twitter_card":"summary_large_image","twitter_misc":{"Dur\u00e9e de lecture estim\u00e9e":"1 minute"},"schema":{"@context":"https:\/\/schema.org","@graph":[{"@type":"WebPage","@id":"https:\/\/www.hotelcontinentalcremona.it\/fr\/restauration\/la-pizza-dautore\/","url":"https:\/\/www.hotelcontinentalcremona.it\/fr\/restauration\/la-pizza-dautore\/","name":"La pizza d'autore &#8226; Hotel Continental &#8226;","isPartOf":{"@id":"https:\/\/www.hotelcontinentalcremona.it\/fr\/#website"},"datePublished":"2021-09-17T14:57:25+00:00","dateModified":"2025-04-16T14:37:30+00:00","description":"PIZZERIA D\u2019AUTORE, situ\u00e9e \u00e0 l\u2019int\u00e9rieur de l\u2019H\u00f4tel Continental, est bien plus qu\u2019une simple pizzeria : c\u2019est un lieu o\u00f9 la passion pour l\u2019art de la pizza rencontre l\u2019excellence des ingr\u00e9dients et la cr\u00e9ativit\u00e9 d\u2019un ma\u00eetre pizzaiolo. Chaque pizza est pens\u00e9e comme une v\u00e9ritable \u0153uvre d\u2019auteur, avec des p\u00e2tes \u00e0 longue fermentation, des farines soigneusement s\u00e9lectionn\u00e9es et des garnitures qui subliment les saveurs du terroir, tout en s\u2019ouvrant \u00e0 des influences gastronomiques. L\u2019ambiance raffin\u00e9e et chaleureuse, alli\u00e9e \u00e0 un service soign\u00e9 et attentionn\u00e9, fait de Pizzeria D\u2019AUTORE le choix id\u00e9al pour vivre une exp\u00e9rience culinaire unique au c\u0153ur de Cr\u00e9mone \u2014 entre tradition, innovation et une touche d\u2019\u00e9l\u00e9gance. La pizzeria est ouverte pour le d\u00e9jeuner et le d\u00eener","breadcrumb":{"@id":"https:\/\/www.hotelcontinentalcremona.it\/fr\/restauration\/la-pizza-dautore\/#breadcrumb"},"inLanguage":"fr-FR","potentialAction":[{"@type":"ReadAction","target":["https:\/\/www.hotelcontinentalcremona.it\/fr\/restauration\/la-pizza-dautore\/"]}]},{"@type":"BreadcrumbList","@id":"https:\/\/www.hotelcontinentalcremona.it\/fr\/restauration\/la-pizza-dautore\/#breadcrumb","itemListElement":[{"@type":"ListItem","position":1,"name":"Home","item":"https:\/\/www.hotelcontinentalcremona.it\/fr\/"},{"@type":"ListItem","position":2,"name":"Restauration","item":"https:\/\/www.hotelcontinentalcremona.it\/fr\/restauration\/"},{"@type":"ListItem","position":3,"name":"La pizza d&#8217;autore"}]},{"@type":"WebSite","@id":"https:\/\/www.hotelcontinentalcremona.it\/fr\/#website","url":"https:\/\/www.hotelcontinentalcremona.it\/fr\/","name":"Hotel Continental","description":"Just another ms.decms.eu site","potentialAction":[{"@type":"SearchAction","target":{"@type":"EntryPoint","urlTemplate":"https:\/\/www.hotelcontinentalcremona.it\/fr\/?s={search_term_string}"},"query-input":{"@type":"PropertyValueSpecification","valueRequired":true,"valueName":"search_term_string"}}],"inLanguage":"fr-FR"}]}},"acf":[],"_links":{"self":[{"href":"https:\/\/www.hotelcontinentalcremona.it\/fr\/wp-json\/wp\/v2\/pages\/380","targetHints":{"allow":["GET"]}}],"collection":[{"href":"https:\/\/www.hotelcontinentalcremona.it\/fr\/wp-json\/wp\/v2\/pages"}],"about":[{"href":"https:\/\/www.hotelcontinentalcremona.it\/fr\/wp-json\/wp\/v2\/types\/page"}],"author":[{"embeddable":true,"href":"https:\/\/www.hotelcontinentalcremona.it\/fr\/wp-json\/wp\/v2\/users\/344"}],"replies":[{"embeddable":true,"href":"https:\/\/www.hotelcontinentalcremona.it\/fr\/wp-json\/wp\/v2\/comments?post=380"}],"version-history":[{"count":0,"href":"https:\/\/www.hotelcontinentalcremona.it\/fr\/wp-json\/wp\/v2\/pages\/380\/revisions"}],"up":[{"embeddable":true,"href":"https:\/\/www.hotelcontinentalcremona.it\/fr\/wp-json\/wp\/v2\/pages\/374"}],"wp:attachment":[{"href":"https:\/\/www.hotelcontinentalcremona.it\/fr\/wp-json\/wp\/v2\/media?parent=380"}],"curies":[{"name":"wp","href":"https:\/\/api.w.org\/{rel}","templated":true}]}}