{"id":377,"date":"2021-09-17T14:56:42","date_gmt":"2021-09-17T14:56:42","guid":{"rendered":"https:\/\/hotel-continental.ms.decms.eu\/?page_id=377"},"modified":"2025-07-08T13:28:23","modified_gmt":"2025-07-08T13:28:23","slug":"alquarto-restaurant-terrazza-mediterranea","status":"publish","type":"page","link":"https:\/\/www.hotelcontinentalcremona.it\/fr\/restauration\/alquarto-restaurant-terrazza-mediterranea\/","title":{"rendered":"AlQuarto Restaurant &#8211; Terrazza Mediterranea"},"content":{"rendered":"<p><span style=\"color: #ff0000\">LE RESTAURANT QUARTO SERA OUVERT JUSQU&rsquo;AU 30\/08\/2025<\/span><\/p>\n<p>Dans une ambiance moderne et lumineuse avec une grande terrasse panoramique qui regarde vers la Cath\u00e9drale et le Torrazzo, Stefano Minchillo, chef du restaurant, propose de la cuisine m\u00e9diterran\u00e9enne surtout \u00e0 base de poisson.<\/p>\n<p>La terrasse et le restaurant sont ouverts de 18h45 \u00e0 minuit<\/p>\n<p>Le restaurant sera ferm\u00e9 du 01\/04\/24 au 07\/04\/24<\/p>\n<p><strong>Ferm\u00e9:<\/strong> dimanche<\/p>\n<p>Tel: +39 3318955792<\/p>\n<p><a href=\"https:\/\/www.alquartoristorante.com\/\">www.alquartoristorante.com<\/a><\/p>\n<p>&nbsp;<\/p>\n","protected":false},"excerpt":{"rendered":"<p>LE RESTAURANT QUARTO SERA OUVERT JUSQU&rsquo;AU 30\/08\/2025 Dans une ambiance moderne et lumineuse avec une grande terrasse panoramique qui regarde vers la Cath\u00e9drale et le Torrazzo, Stefano Minchillo, chef du restaurant, propose de la cuisine m\u00e9diterran\u00e9enne surtout \u00e0 base de poisson. La terrasse et le restaurant sont ouverts de 18h45 \u00e0 minuit Le restaurant sera [&hellip;]<\/p>\n","protected":false},"author":344,"featured_media":0,"parent":374,"menu_order":1,"comment_status":"closed","ping_status":"closed","template":"template-sigle-restaurant.php","meta":{"footnotes":""},"class_list":["post-377","page","type-page","status-publish","hentry"],"yoast_head":"<!-- This site is optimized with the Yoast SEO plugin v26.9 - https:\/\/yoast.com\/product\/yoast-seo-wordpress\/ -->\n<title>AlQuarto Restaurant - Terrazza Mediterranea &#8226; Hotel Continental &#8226;<\/title>\n<meta name=\"description\" content=\"LE RESTAURANT QUARTO SERA OUVERT JUSQU&#039;AU 30\/08\/2025  Dans une ambiance moderne et lumineuse avec une grande terrasse panoramique qui regarde vers la Cath\u00e9drale et le Torrazzo, Stefano Minchillo, chef du restaurant, propose de la cuisine m\u00e9diterran\u00e9enne surtout \u00e0 base de poisson.  La terrasse et le restaurant sont ouverts de 18h45 \u00e0 minuit  Le restaurant sera ferm\u00e9 du 01\/04\/24 au 07\/04\/24  Ferm\u00e9: dimanche  Tel: +39 3318955792  www.alquartoristorante.com  &nbsp;.\" \/>\n<meta name=\"robots\" content=\"index, follow, max-snippet:-1, max-image-preview:large, max-video-preview:-1\" \/>\n<link rel=\"canonical\" href=\"https:\/\/www.hotelcontinentalcremona.it\/fr\/restauration\/alquarto-restaurant-terrazza-mediterranea\/\" \/>\n<meta property=\"og:locale\" content=\"fr_FR\" \/>\n<meta property=\"og:type\" content=\"article\" \/>\n<meta property=\"og:title\" content=\"AlQuarto Restaurant - Terrazza Mediterranea &#8226; Hotel Continental &#8226;\" \/>\n<meta property=\"og:description\" content=\"LE RESTAURANT QUARTO SERA OUVERT JUSQU&#039;AU 30\/08\/2025  Dans une ambiance moderne et lumineuse avec une grande terrasse panoramique qui regarde vers la Cath\u00e9drale et le Torrazzo, Stefano Minchillo, chef du restaurant, propose de la cuisine m\u00e9diterran\u00e9enne surtout \u00e0 base de poisson.  La terrasse et le restaurant sont ouverts de 18h45 \u00e0 minuit  Le restaurant sera ferm\u00e9 du 01\/04\/24 au 07\/04\/24  Ferm\u00e9: dimanche  Tel: +39 3318955792  www.alquartoristorante.com  &nbsp;.\" \/>\n<meta property=\"og:url\" content=\"https:\/\/www.hotelcontinentalcremona.it\/fr\/restauration\/alquarto-restaurant-terrazza-mediterranea\/\" \/>\n<meta property=\"og:site_name\" content=\"Hotel Continental\" \/>\n<meta property=\"article:modified_time\" content=\"2025-07-08T13:28:23+00:00\" \/>\n<meta name=\"twitter:card\" content=\"summary_large_image\" \/>\n<meta name=\"twitter:label1\" content=\"Dur\u00e9e de lecture estim\u00e9e\" \/>\n\t<meta name=\"twitter:data1\" content=\"1 minute\" \/>\n<script type=\"application\/ld+json\" class=\"yoast-schema-graph\">{\"@context\":\"https:\/\/schema.org\",\"@graph\":[{\"@type\":\"WebPage\",\"@id\":\"https:\/\/www.hotelcontinentalcremona.it\/fr\/restauration\/alquarto-restaurant-terrazza-mediterranea\/\",\"url\":\"https:\/\/www.hotelcontinentalcremona.it\/fr\/restauration\/alquarto-restaurant-terrazza-mediterranea\/\",\"name\":\"AlQuarto Restaurant - Terrazza Mediterranea &#8226; Hotel Continental &#8226;\",\"isPartOf\":{\"@id\":\"https:\/\/www.hotelcontinentalcremona.it\/fr\/#website\"},\"datePublished\":\"2021-09-17T14:56:42+00:00\",\"dateModified\":\"2025-07-08T13:28:23+00:00\",\"description\":\"LE RESTAURANT QUARTO SERA OUVERT JUSQU'AU 30\/08\/2025 Dans une ambiance moderne et lumineuse avec une grande terrasse panoramique qui regarde vers la Cath\u00e9drale et le Torrazzo, Stefano Minchillo, chef du restaurant, propose de la cuisine m\u00e9diterran\u00e9enne surtout \u00e0 base de poisson. La terrasse et le restaurant sont ouverts de 18h45 \u00e0 minuit Le restaurant sera ferm\u00e9 du 01\/04\/24 au 07\/04\/24 Ferm\u00e9: dimanche Tel: +39 3318955792 www.alquartoristorante.com &nbsp;.\",\"breadcrumb\":{\"@id\":\"https:\/\/www.hotelcontinentalcremona.it\/fr\/restauration\/alquarto-restaurant-terrazza-mediterranea\/#breadcrumb\"},\"inLanguage\":\"fr-FR\",\"potentialAction\":[{\"@type\":\"ReadAction\",\"target\":[\"https:\/\/www.hotelcontinentalcremona.it\/fr\/restauration\/alquarto-restaurant-terrazza-mediterranea\/\"]}]},{\"@type\":\"BreadcrumbList\",\"@id\":\"https:\/\/www.hotelcontinentalcremona.it\/fr\/restauration\/alquarto-restaurant-terrazza-mediterranea\/#breadcrumb\",\"itemListElement\":[{\"@type\":\"ListItem\",\"position\":1,\"name\":\"Home\",\"item\":\"https:\/\/www.hotelcontinentalcremona.it\/fr\/\"},{\"@type\":\"ListItem\",\"position\":2,\"name\":\"Restauration\",\"item\":\"https:\/\/www.hotelcontinentalcremona.it\/fr\/restauration\/\"},{\"@type\":\"ListItem\",\"position\":3,\"name\":\"AlQuarto Restaurant &#8211; Terrazza Mediterranea\"}]},{\"@type\":\"WebSite\",\"@id\":\"https:\/\/www.hotelcontinentalcremona.it\/fr\/#website\",\"url\":\"https:\/\/www.hotelcontinentalcremona.it\/fr\/\",\"name\":\"Hotel Continental\",\"description\":\"Just another ms.decms.eu site\",\"potentialAction\":[{\"@type\":\"SearchAction\",\"target\":{\"@type\":\"EntryPoint\",\"urlTemplate\":\"https:\/\/www.hotelcontinentalcremona.it\/fr\/?s={search_term_string}\"},\"query-input\":{\"@type\":\"PropertyValueSpecification\",\"valueRequired\":true,\"valueName\":\"search_term_string\"}}],\"inLanguage\":\"fr-FR\"}]}<\/script>\n<!-- \/ Yoast SEO plugin. -->","yoast_head_json":{"title":"AlQuarto Restaurant - Terrazza Mediterranea &#8226; Hotel Continental &#8226;","description":"LE RESTAURANT QUARTO SERA OUVERT JUSQU'AU 30\/08\/2025  Dans une ambiance moderne et lumineuse avec une grande terrasse panoramique qui regarde vers la Cath\u00e9drale et le Torrazzo, Stefano Minchillo, chef du restaurant, propose de la cuisine m\u00e9diterran\u00e9enne surtout \u00e0 base de poisson.  La terrasse et le restaurant sont ouverts de 18h45 \u00e0 minuit  Le restaurant sera ferm\u00e9 du 01\/04\/24 au 07\/04\/24  Ferm\u00e9: dimanche  Tel: +39 3318955792  www.alquartoristorante.com  &nbsp;.","robots":{"index":"index","follow":"follow","max-snippet":"max-snippet:-1","max-image-preview":"max-image-preview:large","max-video-preview":"max-video-preview:-1"},"canonical":"https:\/\/www.hotelcontinentalcremona.it\/fr\/restauration\/alquarto-restaurant-terrazza-mediterranea\/","og_locale":"fr_FR","og_type":"article","og_title":"AlQuarto Restaurant - Terrazza Mediterranea &#8226; Hotel Continental &#8226;","og_description":"LE RESTAURANT QUARTO SERA OUVERT JUSQU'AU 30\/08\/2025  Dans une ambiance moderne et lumineuse avec une grande terrasse panoramique qui regarde vers la Cath\u00e9drale et le Torrazzo, Stefano Minchillo, chef du restaurant, propose de la cuisine m\u00e9diterran\u00e9enne surtout \u00e0 base de poisson.  La terrasse et le restaurant sont ouverts de 18h45 \u00e0 minuit  Le restaurant sera ferm\u00e9 du 01\/04\/24 au 07\/04\/24  Ferm\u00e9: dimanche  Tel: +39 3318955792  www.alquartoristorante.com  &nbsp;.","og_url":"https:\/\/www.hotelcontinentalcremona.it\/fr\/restauration\/alquarto-restaurant-terrazza-mediterranea\/","og_site_name":"Hotel Continental","article_modified_time":"2025-07-08T13:28:23+00:00","twitter_card":"summary_large_image","twitter_misc":{"Dur\u00e9e de lecture estim\u00e9e":"1 minute"},"schema":{"@context":"https:\/\/schema.org","@graph":[{"@type":"WebPage","@id":"https:\/\/www.hotelcontinentalcremona.it\/fr\/restauration\/alquarto-restaurant-terrazza-mediterranea\/","url":"https:\/\/www.hotelcontinentalcremona.it\/fr\/restauration\/alquarto-restaurant-terrazza-mediterranea\/","name":"AlQuarto Restaurant - Terrazza Mediterranea &#8226; Hotel Continental &#8226;","isPartOf":{"@id":"https:\/\/www.hotelcontinentalcremona.it\/fr\/#website"},"datePublished":"2021-09-17T14:56:42+00:00","dateModified":"2025-07-08T13:28:23+00:00","description":"LE RESTAURANT QUARTO SERA OUVERT JUSQU'AU 30\/08\/2025 Dans une ambiance moderne et lumineuse avec une grande terrasse panoramique qui regarde vers la Cath\u00e9drale et le Torrazzo, Stefano Minchillo, chef du restaurant, propose de la cuisine m\u00e9diterran\u00e9enne surtout \u00e0 base de poisson. La terrasse et le restaurant sont ouverts de 18h45 \u00e0 minuit Le restaurant sera ferm\u00e9 du 01\/04\/24 au 07\/04\/24 Ferm\u00e9: dimanche Tel: +39 3318955792 www.alquartoristorante.com &nbsp;.","breadcrumb":{"@id":"https:\/\/www.hotelcontinentalcremona.it\/fr\/restauration\/alquarto-restaurant-terrazza-mediterranea\/#breadcrumb"},"inLanguage":"fr-FR","potentialAction":[{"@type":"ReadAction","target":["https:\/\/www.hotelcontinentalcremona.it\/fr\/restauration\/alquarto-restaurant-terrazza-mediterranea\/"]}]},{"@type":"BreadcrumbList","@id":"https:\/\/www.hotelcontinentalcremona.it\/fr\/restauration\/alquarto-restaurant-terrazza-mediterranea\/#breadcrumb","itemListElement":[{"@type":"ListItem","position":1,"name":"Home","item":"https:\/\/www.hotelcontinentalcremona.it\/fr\/"},{"@type":"ListItem","position":2,"name":"Restauration","item":"https:\/\/www.hotelcontinentalcremona.it\/fr\/restauration\/"},{"@type":"ListItem","position":3,"name":"AlQuarto Restaurant &#8211; Terrazza Mediterranea"}]},{"@type":"WebSite","@id":"https:\/\/www.hotelcontinentalcremona.it\/fr\/#website","url":"https:\/\/www.hotelcontinentalcremona.it\/fr\/","name":"Hotel Continental","description":"Just another ms.decms.eu site","potentialAction":[{"@type":"SearchAction","target":{"@type":"EntryPoint","urlTemplate":"https:\/\/www.hotelcontinentalcremona.it\/fr\/?s={search_term_string}"},"query-input":{"@type":"PropertyValueSpecification","valueRequired":true,"valueName":"search_term_string"}}],"inLanguage":"fr-FR"}]}},"acf":[],"_links":{"self":[{"href":"https:\/\/www.hotelcontinentalcremona.it\/fr\/wp-json\/wp\/v2\/pages\/377","targetHints":{"allow":["GET"]}}],"collection":[{"href":"https:\/\/www.hotelcontinentalcremona.it\/fr\/wp-json\/wp\/v2\/pages"}],"about":[{"href":"https:\/\/www.hotelcontinentalcremona.it\/fr\/wp-json\/wp\/v2\/types\/page"}],"author":[{"embeddable":true,"href":"https:\/\/www.hotelcontinentalcremona.it\/fr\/wp-json\/wp\/v2\/users\/344"}],"replies":[{"embeddable":true,"href":"https:\/\/www.hotelcontinentalcremona.it\/fr\/wp-json\/wp\/v2\/comments?post=377"}],"version-history":[{"count":0,"href":"https:\/\/www.hotelcontinentalcremona.it\/fr\/wp-json\/wp\/v2\/pages\/377\/revisions"}],"up":[{"embeddable":true,"href":"https:\/\/www.hotelcontinentalcremona.it\/fr\/wp-json\/wp\/v2\/pages\/374"}],"wp:attachment":[{"href":"https:\/\/www.hotelcontinentalcremona.it\/fr\/wp-json\/wp\/v2\/media?parent=377"}],"curies":[{"name":"wp","href":"https:\/\/api.w.org\/{rel}","templated":true}]}}