{"id":374,"date":"2021-09-17T14:55:07","date_gmt":"2021-09-17T14:55:07","guid":{"rendered":"https:\/\/hotel-continental.ms.decms.eu\/?page_id=374"},"modified":"2025-09-01T13:51:08","modified_gmt":"2025-09-01T13:51:08","slug":"restauration","status":"publish","type":"page","link":"https:\/\/www.hotelcontinentalcremona.it\/fr\/restauration\/","title":{"rendered":"Restauration"},"content":{"rendered":"<p>\u00c0 l\u2019Hotel Continental, nos h\u00f4tes sont invit\u00e9s \u00e0 profiter de notre Honesty Bar, situ\u00e9 au niveau de la r\u00e9ception et ouvert 24h\/24 et 7j\/7. C\u2019est l\u2019endroit id\u00e9al pour savourer un caf\u00e9 fra\u00eechement pr\u00e9par\u00e9, un verre de vin ou un digestif, dans l\u2019atmosph\u00e8re \u00e9l\u00e9gante de notre Tea Room.<\/p>\n","protected":false},"excerpt":{"rendered":"<p>\u00c0 l\u2019Hotel Continental, nos h\u00f4tes sont invit\u00e9s \u00e0 profiter de notre Honesty Bar, situ\u00e9 au niveau de la r\u00e9ception et ouvert 24h\/24 et 7j\/7. C\u2019est l\u2019endroit id\u00e9al pour savourer un caf\u00e9 fra\u00eechement pr\u00e9par\u00e9, un verre de vin ou un digestif, dans l\u2019atmosph\u00e8re \u00e9l\u00e9gante de notre Tea Room.<\/p>\n","protected":false},"author":344,"featured_media":0,"parent":0,"menu_order":60,"comment_status":"closed","ping_status":"closed","template":"template-restaurants.php","meta":{"footnotes":""},"class_list":["post-374","page","type-page","status-publish","hentry"],"yoast_head":"<!-- This site is optimized with the Yoast SEO plugin v26.9 - https:\/\/yoast.com\/product\/yoast-seo-wordpress\/ -->\n<title>Restauration &#8226; Hotel Continental &#8226;<\/title>\n<meta name=\"description\" content=\"\u00c0 l\u2019Hotel Continental, nos h\u00f4tes sont invit\u00e9s \u00e0 profiter de notre Honesty Bar, situ\u00e9 au niveau de la r\u00e9ception et ouvert 24h\/24 et 7j\/7. C\u2019est l\u2019endroit id\u00e9al pour savourer un caf\u00e9 fra\u00eechement pr\u00e9par\u00e9, un verre de vin ou un digestif, dans l\u2019atmosph\u00e8re \u00e9l\u00e9gante de notre Tea Room.\" \/>\n<meta name=\"robots\" content=\"index, follow, max-snippet:-1, max-image-preview:large, max-video-preview:-1\" \/>\n<link rel=\"canonical\" href=\"https:\/\/www.hotelcontinentalcremona.it\/fr\/restauration\/\" \/>\n<meta property=\"og:locale\" content=\"fr_FR\" \/>\n<meta property=\"og:type\" content=\"article\" \/>\n<meta property=\"og:title\" content=\"Restauration &#8226; Hotel Continental &#8226;\" \/>\n<meta property=\"og:description\" content=\"\u00c0 l\u2019Hotel Continental, nos h\u00f4tes sont invit\u00e9s \u00e0 profiter de notre Honesty Bar, situ\u00e9 au niveau de la r\u00e9ception et ouvert 24h\/24 et 7j\/7. C\u2019est l\u2019endroit id\u00e9al pour savourer un caf\u00e9 fra\u00eechement pr\u00e9par\u00e9, un verre de vin ou un digestif, dans l\u2019atmosph\u00e8re \u00e9l\u00e9gante de notre Tea Room.\" \/>\n<meta property=\"og:url\" content=\"https:\/\/www.hotelcontinentalcremona.it\/fr\/restauration\/\" \/>\n<meta property=\"og:site_name\" content=\"Hotel Continental\" \/>\n<meta property=\"article:modified_time\" content=\"2025-09-01T13:51:08+00:00\" \/>\n<meta name=\"twitter:card\" content=\"summary_large_image\" \/>\n<script type=\"application\/ld+json\" class=\"yoast-schema-graph\">{\"@context\":\"https:\/\/schema.org\",\"@graph\":[{\"@type\":\"WebPage\",\"@id\":\"https:\/\/www.hotelcontinentalcremona.it\/fr\/restauration\/\",\"url\":\"https:\/\/www.hotelcontinentalcremona.it\/fr\/restauration\/\",\"name\":\"Restauration &#8226; Hotel Continental &#8226;\",\"isPartOf\":{\"@id\":\"https:\/\/www.hotelcontinentalcremona.it\/fr\/#website\"},\"datePublished\":\"2021-09-17T14:55:07+00:00\",\"dateModified\":\"2025-09-01T13:51:08+00:00\",\"description\":\"\u00c0 l\u2019Hotel Continental, nos h\u00f4tes sont invit\u00e9s \u00e0 profiter de notre Honesty Bar, situ\u00e9 au niveau de la r\u00e9ception et ouvert 24h\/24 et 7j\/7. C\u2019est l\u2019endroit id\u00e9al pour savourer un caf\u00e9 fra\u00eechement pr\u00e9par\u00e9, un verre de vin ou un digestif, dans l\u2019atmosph\u00e8re \u00e9l\u00e9gante de notre Tea Room.\",\"breadcrumb\":{\"@id\":\"https:\/\/www.hotelcontinentalcremona.it\/fr\/restauration\/#breadcrumb\"},\"inLanguage\":\"fr-FR\",\"potentialAction\":[{\"@type\":\"ReadAction\",\"target\":[\"https:\/\/www.hotelcontinentalcremona.it\/fr\/restauration\/\"]}]},{\"@type\":\"BreadcrumbList\",\"@id\":\"https:\/\/www.hotelcontinentalcremona.it\/fr\/restauration\/#breadcrumb\",\"itemListElement\":[{\"@type\":\"ListItem\",\"position\":1,\"name\":\"Home\",\"item\":\"https:\/\/www.hotelcontinentalcremona.it\/fr\/\"},{\"@type\":\"ListItem\",\"position\":2,\"name\":\"Restauration\"}]},{\"@type\":\"WebSite\",\"@id\":\"https:\/\/www.hotelcontinentalcremona.it\/fr\/#website\",\"url\":\"https:\/\/www.hotelcontinentalcremona.it\/fr\/\",\"name\":\"Hotel Continental\",\"description\":\"Just another ms.decms.eu site\",\"potentialAction\":[{\"@type\":\"SearchAction\",\"target\":{\"@type\":\"EntryPoint\",\"urlTemplate\":\"https:\/\/www.hotelcontinentalcremona.it\/fr\/?s={search_term_string}\"},\"query-input\":{\"@type\":\"PropertyValueSpecification\",\"valueRequired\":true,\"valueName\":\"search_term_string\"}}],\"inLanguage\":\"fr-FR\"}]}<\/script>\n<!-- \/ Yoast SEO plugin. -->","yoast_head_json":{"title":"Restauration &#8226; Hotel Continental &#8226;","description":"\u00c0 l\u2019Hotel Continental, nos h\u00f4tes sont invit\u00e9s \u00e0 profiter de notre Honesty Bar, situ\u00e9 au niveau de la r\u00e9ception et ouvert 24h\/24 et 7j\/7. C\u2019est l\u2019endroit id\u00e9al pour savourer un caf\u00e9 fra\u00eechement pr\u00e9par\u00e9, un verre de vin ou un digestif, dans l\u2019atmosph\u00e8re \u00e9l\u00e9gante de notre Tea Room.","robots":{"index":"index","follow":"follow","max-snippet":"max-snippet:-1","max-image-preview":"max-image-preview:large","max-video-preview":"max-video-preview:-1"},"canonical":"https:\/\/www.hotelcontinentalcremona.it\/fr\/restauration\/","og_locale":"fr_FR","og_type":"article","og_title":"Restauration &#8226; Hotel Continental &#8226;","og_description":"\u00c0 l\u2019Hotel Continental, nos h\u00f4tes sont invit\u00e9s \u00e0 profiter de notre Honesty Bar, situ\u00e9 au niveau de la r\u00e9ception et ouvert 24h\/24 et 7j\/7. C\u2019est l\u2019endroit id\u00e9al pour savourer un caf\u00e9 fra\u00eechement pr\u00e9par\u00e9, un verre de vin ou un digestif, dans l\u2019atmosph\u00e8re \u00e9l\u00e9gante de notre Tea Room.","og_url":"https:\/\/www.hotelcontinentalcremona.it\/fr\/restauration\/","og_site_name":"Hotel Continental","article_modified_time":"2025-09-01T13:51:08+00:00","twitter_card":"summary_large_image","schema":{"@context":"https:\/\/schema.org","@graph":[{"@type":"WebPage","@id":"https:\/\/www.hotelcontinentalcremona.it\/fr\/restauration\/","url":"https:\/\/www.hotelcontinentalcremona.it\/fr\/restauration\/","name":"Restauration &#8226; Hotel Continental &#8226;","isPartOf":{"@id":"https:\/\/www.hotelcontinentalcremona.it\/fr\/#website"},"datePublished":"2021-09-17T14:55:07+00:00","dateModified":"2025-09-01T13:51:08+00:00","description":"\u00c0 l\u2019Hotel Continental, nos h\u00f4tes sont invit\u00e9s \u00e0 profiter de notre Honesty Bar, situ\u00e9 au niveau de la r\u00e9ception et ouvert 24h\/24 et 7j\/7. C\u2019est l\u2019endroit id\u00e9al pour savourer un caf\u00e9 fra\u00eechement pr\u00e9par\u00e9, un verre de vin ou un digestif, dans l\u2019atmosph\u00e8re \u00e9l\u00e9gante de notre Tea Room.","breadcrumb":{"@id":"https:\/\/www.hotelcontinentalcremona.it\/fr\/restauration\/#breadcrumb"},"inLanguage":"fr-FR","potentialAction":[{"@type":"ReadAction","target":["https:\/\/www.hotelcontinentalcremona.it\/fr\/restauration\/"]}]},{"@type":"BreadcrumbList","@id":"https:\/\/www.hotelcontinentalcremona.it\/fr\/restauration\/#breadcrumb","itemListElement":[{"@type":"ListItem","position":1,"name":"Home","item":"https:\/\/www.hotelcontinentalcremona.it\/fr\/"},{"@type":"ListItem","position":2,"name":"Restauration"}]},{"@type":"WebSite","@id":"https:\/\/www.hotelcontinentalcremona.it\/fr\/#website","url":"https:\/\/www.hotelcontinentalcremona.it\/fr\/","name":"Hotel Continental","description":"Just another ms.decms.eu site","potentialAction":[{"@type":"SearchAction","target":{"@type":"EntryPoint","urlTemplate":"https:\/\/www.hotelcontinentalcremona.it\/fr\/?s={search_term_string}"},"query-input":{"@type":"PropertyValueSpecification","valueRequired":true,"valueName":"search_term_string"}}],"inLanguage":"fr-FR"}]}},"acf":[],"_links":{"self":[{"href":"https:\/\/www.hotelcontinentalcremona.it\/fr\/wp-json\/wp\/v2\/pages\/374","targetHints":{"allow":["GET"]}}],"collection":[{"href":"https:\/\/www.hotelcontinentalcremona.it\/fr\/wp-json\/wp\/v2\/pages"}],"about":[{"href":"https:\/\/www.hotelcontinentalcremona.it\/fr\/wp-json\/wp\/v2\/types\/page"}],"author":[{"embeddable":true,"href":"https:\/\/www.hotelcontinentalcremona.it\/fr\/wp-json\/wp\/v2\/users\/344"}],"replies":[{"embeddable":true,"href":"https:\/\/www.hotelcontinentalcremona.it\/fr\/wp-json\/wp\/v2\/comments?post=374"}],"version-history":[{"count":0,"href":"https:\/\/www.hotelcontinentalcremona.it\/fr\/wp-json\/wp\/v2\/pages\/374\/revisions"}],"wp:attachment":[{"href":"https:\/\/www.hotelcontinentalcremona.it\/fr\/wp-json\/wp\/v2\/media?parent=374"}],"curies":[{"name":"wp","href":"https:\/\/api.w.org\/{rel}","templated":true}]}}