{"id":368,"date":"2021-09-17T14:44:44","date_gmt":"2021-09-17T14:44:44","guid":{"rendered":"https:\/\/hotel-continental.ms.decms.eu\/?page_id=368"},"modified":"2024-12-05T16:34:12","modified_gmt":"2024-12-05T16:34:12","slug":"reunions","status":"publish","type":"page","link":"https:\/\/www.hotelcontinentalcremona.it\/fr\/reunions\/","title":{"rendered":"R\u00e9unions"},"content":{"rendered":"<p>L\u2019hotel met \u00e0 disposition deux lumineuses salles r\u00e9union, au dernier \u00e9tage, \u00e9quip\u00e9es pour 100 et 20 personnes.<\/p>\n<p>Toutes les salles se trouvent en position panoramique avec lumi\u00e8re naturelle et technologies modernes : salle de r\u00e9gie pour audioconf\u00e9rences et vid\u00e9oconf\u00e9rences ; deux moniteurs DEL 50 pouces et vid\u00e9oprojecteur avec DEL 85 pouces; possibilit\u00e9 de enregistrer sur Dvd audio et vid\u00e9o de la r\u00e9union; vid\u00e9ocamera pour enregistrer la r\u00e9union\u00a0 en directe avec transmission sur le moniteur ; podium, microphones (c\u00f4ne, de table, \u00e9pingle), ordinateur personnel, possibilit\u00e9 de assistance technique journali\u00e8re ou \u00e0 l\u2019heure.<\/p>\n<p>On peut organiser welcome coffee, pause-caf\u00e9 et repas chez le restaurant AlQuarto ou chez notre restaurant Bistrot<\/p>\n<p>Sala Stradivari: <a href=\"https:\/\/www.hotelcontinentalcremona.it\/wp-content\/uploads\/sites\/320\/2024\/12\/Sala-Stradivari-EN.pdf\" target=\"_blank\" rel=\"noopener\">click here<\/a><\/p>\n<p>Sala Boardroom: <a href=\"https:\/\/www.hotelcontinentalcremona.it\/wp-content\/uploads\/sites\/320\/2024\/12\/Sala-Boardroom-EN.pdf\" target=\"_blank\" rel=\"noopener\">click here<\/a><\/p>\n<p>Pour plus d&rsquo;informations, veuillez contacter Gianluca Pizzera, <a href=\"mailto:corporate@cremonahotels.it\">corporate@cremonahotels.it<\/a> ou +390372434141<\/p>\n","protected":false},"excerpt":{"rendered":"<p>L\u2019hotel met \u00e0 disposition deux lumineuses salles r\u00e9union, au dernier \u00e9tage, \u00e9quip\u00e9es pour 100 et 20 personnes. Toutes les salles se trouvent en position panoramique avec lumi\u00e8re naturelle et technologies modernes : salle de r\u00e9gie pour audioconf\u00e9rences et vid\u00e9oconf\u00e9rences ; deux moniteurs DEL 50 pouces et vid\u00e9oprojecteur avec DEL 85 pouces; possibilit\u00e9 de enregistrer sur [&hellip;]<\/p>\n","protected":false},"author":344,"featured_media":0,"parent":0,"menu_order":40,"comment_status":"closed","ping_status":"closed","template":"template-meetings.php","meta":{"footnotes":""},"class_list":["post-368","page","type-page","status-publish","hentry"],"yoast_head":"<!-- This site is optimized with the Yoast SEO plugin v26.9 - https:\/\/yoast.com\/product\/yoast-seo-wordpress\/ -->\n<title>R\u00e9unions &#8226; Hotel Continental &#8226;<\/title>\n<meta name=\"description\" content=\"L\u2019hotel met \u00e0 disposition deux lumineuses salles r\u00e9union, au dernier \u00e9tage, \u00e9quip\u00e9es pour 100 et 20 personnes.  Toutes les salles se trouvent en position panoramique avec lumi\u00e8re naturelle et technologies modernes : salle de r\u00e9gie pour audioconf\u00e9rences et vid\u00e9oconf\u00e9rences ; deux moniteurs DEL 50 pouces et vid\u00e9oprojecteur avec DEL 85 pouces; possibilit\u00e9 de enregistrer sur Dvd audio et vid\u00e9o de la r\u00e9union; vid\u00e9ocamera pour enregistrer la r\u00e9union\u00a0 en directe avec transmission sur le moniteur ; podium, microphones (c\u00f4ne, de table, \u00e9pingle), ordinateur personnel, possibilit\u00e9 de assistance technique journali\u00e8re ou \u00e0 l\u2019heure.  On peut organiser welcome coffee, pause-caf\u00e9 et repas chez le restaurant AlQuarto ou chez notre restaurant Bistrot  Sala Stradivari: click here  Sala Boardroom: click here  Pour plus d&#039;informations, veuillez contacter Gianluca Pizzera, corporate@cremonahotels.it ou +390372434141.\" \/>\n<meta name=\"robots\" content=\"index, follow, max-snippet:-1, max-image-preview:large, max-video-preview:-1\" \/>\n<link rel=\"canonical\" href=\"https:\/\/www.hotelcontinentalcremona.it\/fr\/reunions\/\" \/>\n<meta property=\"og:locale\" content=\"fr_FR\" \/>\n<meta property=\"og:type\" content=\"article\" \/>\n<meta property=\"og:title\" content=\"R\u00e9unions &#8226; Hotel Continental &#8226;\" \/>\n<meta property=\"og:description\" content=\"L\u2019hotel met \u00e0 disposition deux lumineuses salles r\u00e9union, au dernier \u00e9tage, \u00e9quip\u00e9es pour 100 et 20 personnes.  Toutes les salles se trouvent en position panoramique avec lumi\u00e8re naturelle et technologies modernes : salle de r\u00e9gie pour audioconf\u00e9rences et vid\u00e9oconf\u00e9rences ; deux moniteurs DEL 50 pouces et vid\u00e9oprojecteur avec DEL 85 pouces; possibilit\u00e9 de enregistrer sur Dvd audio et vid\u00e9o de la r\u00e9union; vid\u00e9ocamera pour enregistrer la r\u00e9union\u00a0 en directe avec transmission sur le moniteur ; podium, microphones (c\u00f4ne, de table, \u00e9pingle), ordinateur personnel, possibilit\u00e9 de assistance technique journali\u00e8re ou \u00e0 l\u2019heure.  On peut organiser welcome coffee, pause-caf\u00e9 et repas chez le restaurant AlQuarto ou chez notre restaurant Bistrot  Sala Stradivari: click here  Sala Boardroom: click here  Pour plus d&#039;informations, veuillez contacter Gianluca Pizzera, corporate@cremonahotels.it ou +390372434141.\" \/>\n<meta property=\"og:url\" content=\"https:\/\/www.hotelcontinentalcremona.it\/fr\/reunions\/\" \/>\n<meta property=\"og:site_name\" content=\"Hotel Continental\" \/>\n<meta property=\"article:modified_time\" content=\"2024-12-05T16:34:12+00:00\" \/>\n<meta name=\"twitter:card\" content=\"summary_large_image\" \/>\n<meta name=\"twitter:label1\" content=\"Dur\u00e9e de lecture estim\u00e9e\" \/>\n\t<meta name=\"twitter:data1\" content=\"1 minute\" \/>\n<script type=\"application\/ld+json\" class=\"yoast-schema-graph\">{\"@context\":\"https:\/\/schema.org\",\"@graph\":[{\"@type\":\"WebPage\",\"@id\":\"https:\/\/www.hotelcontinentalcremona.it\/fr\/reunions\/\",\"url\":\"https:\/\/www.hotelcontinentalcremona.it\/fr\/reunions\/\",\"name\":\"R\u00e9unions &#8226; Hotel Continental &#8226;\",\"isPartOf\":{\"@id\":\"https:\/\/www.hotelcontinentalcremona.it\/fr\/#website\"},\"datePublished\":\"2021-09-17T14:44:44+00:00\",\"dateModified\":\"2024-12-05T16:34:12+00:00\",\"description\":\"L\u2019hotel met \u00e0 disposition deux lumineuses salles r\u00e9union, au dernier \u00e9tage, \u00e9quip\u00e9es pour 100 et 20 personnes. Toutes les salles se trouvent en position panoramique avec lumi\u00e8re naturelle et technologies modernes : salle de r\u00e9gie pour audioconf\u00e9rences et vid\u00e9oconf\u00e9rences ; deux moniteurs DEL 50 pouces et vid\u00e9oprojecteur avec DEL 85 pouces; possibilit\u00e9 de enregistrer sur Dvd audio et vid\u00e9o de la r\u00e9union; vid\u00e9ocamera pour enregistrer la r\u00e9union\u00a0 en directe avec transmission sur le moniteur ; podium, microphones (c\u00f4ne, de table, \u00e9pingle), ordinateur personnel, possibilit\u00e9 de assistance technique journali\u00e8re ou \u00e0 l\u2019heure. On peut organiser welcome coffee, pause-caf\u00e9 et repas chez le restaurant AlQuarto ou chez notre restaurant Bistrot Sala Stradivari: click here Sala Boardroom: click here Pour plus d'informations, veuillez contacter Gianluca Pizzera, corporate@cremonahotels.it ou +390372434141.\",\"breadcrumb\":{\"@id\":\"https:\/\/www.hotelcontinentalcremona.it\/fr\/reunions\/#breadcrumb\"},\"inLanguage\":\"fr-FR\",\"potentialAction\":[{\"@type\":\"ReadAction\",\"target\":[\"https:\/\/www.hotelcontinentalcremona.it\/fr\/reunions\/\"]}]},{\"@type\":\"BreadcrumbList\",\"@id\":\"https:\/\/www.hotelcontinentalcremona.it\/fr\/reunions\/#breadcrumb\",\"itemListElement\":[{\"@type\":\"ListItem\",\"position\":1,\"name\":\"Home\",\"item\":\"https:\/\/www.hotelcontinentalcremona.it\/fr\/\"},{\"@type\":\"ListItem\",\"position\":2,\"name\":\"R\u00e9unions\"}]},{\"@type\":\"WebSite\",\"@id\":\"https:\/\/www.hotelcontinentalcremona.it\/fr\/#website\",\"url\":\"https:\/\/www.hotelcontinentalcremona.it\/fr\/\",\"name\":\"Hotel Continental\",\"description\":\"Just another ms.decms.eu site\",\"potentialAction\":[{\"@type\":\"SearchAction\",\"target\":{\"@type\":\"EntryPoint\",\"urlTemplate\":\"https:\/\/www.hotelcontinentalcremona.it\/fr\/?s={search_term_string}\"},\"query-input\":{\"@type\":\"PropertyValueSpecification\",\"valueRequired\":true,\"valueName\":\"search_term_string\"}}],\"inLanguage\":\"fr-FR\"}]}<\/script>\n<!-- \/ Yoast SEO plugin. -->","yoast_head_json":{"title":"R\u00e9unions &#8226; Hotel Continental &#8226;","description":"L\u2019hotel met \u00e0 disposition deux lumineuses salles r\u00e9union, au dernier \u00e9tage, \u00e9quip\u00e9es pour 100 et 20 personnes.  Toutes les salles se trouvent en position panoramique avec lumi\u00e8re naturelle et technologies modernes : salle de r\u00e9gie pour audioconf\u00e9rences et vid\u00e9oconf\u00e9rences ; deux moniteurs DEL 50 pouces et vid\u00e9oprojecteur avec DEL 85 pouces; possibilit\u00e9 de enregistrer sur Dvd audio et vid\u00e9o de la r\u00e9union; vid\u00e9ocamera pour enregistrer la r\u00e9union\u00a0 en directe avec transmission sur le moniteur ; podium, microphones (c\u00f4ne, de table, \u00e9pingle), ordinateur personnel, possibilit\u00e9 de assistance technique journali\u00e8re ou \u00e0 l\u2019heure.  On peut organiser welcome coffee, pause-caf\u00e9 et repas chez le restaurant AlQuarto ou chez notre restaurant Bistrot  Sala Stradivari: click here  Sala Boardroom: click here  Pour plus d'informations, veuillez contacter Gianluca Pizzera, corporate@cremonahotels.it ou +390372434141.","robots":{"index":"index","follow":"follow","max-snippet":"max-snippet:-1","max-image-preview":"max-image-preview:large","max-video-preview":"max-video-preview:-1"},"canonical":"https:\/\/www.hotelcontinentalcremona.it\/fr\/reunions\/","og_locale":"fr_FR","og_type":"article","og_title":"R\u00e9unions &#8226; Hotel Continental &#8226;","og_description":"L\u2019hotel met \u00e0 disposition deux lumineuses salles r\u00e9union, au dernier \u00e9tage, \u00e9quip\u00e9es pour 100 et 20 personnes.  Toutes les salles se trouvent en position panoramique avec lumi\u00e8re naturelle et technologies modernes : salle de r\u00e9gie pour audioconf\u00e9rences et vid\u00e9oconf\u00e9rences ; deux moniteurs DEL 50 pouces et vid\u00e9oprojecteur avec DEL 85 pouces; possibilit\u00e9 de enregistrer sur Dvd audio et vid\u00e9o de la r\u00e9union; vid\u00e9ocamera pour enregistrer la r\u00e9union\u00a0 en directe avec transmission sur le moniteur ; podium, microphones (c\u00f4ne, de table, \u00e9pingle), ordinateur personnel, possibilit\u00e9 de assistance technique journali\u00e8re ou \u00e0 l\u2019heure.  On peut organiser welcome coffee, pause-caf\u00e9 et repas chez le restaurant AlQuarto ou chez notre restaurant Bistrot  Sala Stradivari: click here  Sala Boardroom: click here  Pour plus d'informations, veuillez contacter Gianluca Pizzera, corporate@cremonahotels.it ou +390372434141.","og_url":"https:\/\/www.hotelcontinentalcremona.it\/fr\/reunions\/","og_site_name":"Hotel Continental","article_modified_time":"2024-12-05T16:34:12+00:00","twitter_card":"summary_large_image","twitter_misc":{"Dur\u00e9e de lecture estim\u00e9e":"1 minute"},"schema":{"@context":"https:\/\/schema.org","@graph":[{"@type":"WebPage","@id":"https:\/\/www.hotelcontinentalcremona.it\/fr\/reunions\/","url":"https:\/\/www.hotelcontinentalcremona.it\/fr\/reunions\/","name":"R\u00e9unions &#8226; Hotel Continental &#8226;","isPartOf":{"@id":"https:\/\/www.hotelcontinentalcremona.it\/fr\/#website"},"datePublished":"2021-09-17T14:44:44+00:00","dateModified":"2024-12-05T16:34:12+00:00","description":"L\u2019hotel met \u00e0 disposition deux lumineuses salles r\u00e9union, au dernier \u00e9tage, \u00e9quip\u00e9es pour 100 et 20 personnes. Toutes les salles se trouvent en position panoramique avec lumi\u00e8re naturelle et technologies modernes : salle de r\u00e9gie pour audioconf\u00e9rences et vid\u00e9oconf\u00e9rences ; deux moniteurs DEL 50 pouces et vid\u00e9oprojecteur avec DEL 85 pouces; possibilit\u00e9 de enregistrer sur Dvd audio et vid\u00e9o de la r\u00e9union; vid\u00e9ocamera pour enregistrer la r\u00e9union\u00a0 en directe avec transmission sur le moniteur ; podium, microphones (c\u00f4ne, de table, \u00e9pingle), ordinateur personnel, possibilit\u00e9 de assistance technique journali\u00e8re ou \u00e0 l\u2019heure. On peut organiser welcome coffee, pause-caf\u00e9 et repas chez le restaurant AlQuarto ou chez notre restaurant Bistrot Sala Stradivari: click here Sala Boardroom: click here Pour plus d'informations, veuillez contacter Gianluca Pizzera, corporate@cremonahotels.it ou +390372434141.","breadcrumb":{"@id":"https:\/\/www.hotelcontinentalcremona.it\/fr\/reunions\/#breadcrumb"},"inLanguage":"fr-FR","potentialAction":[{"@type":"ReadAction","target":["https:\/\/www.hotelcontinentalcremona.it\/fr\/reunions\/"]}]},{"@type":"BreadcrumbList","@id":"https:\/\/www.hotelcontinentalcremona.it\/fr\/reunions\/#breadcrumb","itemListElement":[{"@type":"ListItem","position":1,"name":"Home","item":"https:\/\/www.hotelcontinentalcremona.it\/fr\/"},{"@type":"ListItem","position":2,"name":"R\u00e9unions"}]},{"@type":"WebSite","@id":"https:\/\/www.hotelcontinentalcremona.it\/fr\/#website","url":"https:\/\/www.hotelcontinentalcremona.it\/fr\/","name":"Hotel Continental","description":"Just another ms.decms.eu site","potentialAction":[{"@type":"SearchAction","target":{"@type":"EntryPoint","urlTemplate":"https:\/\/www.hotelcontinentalcremona.it\/fr\/?s={search_term_string}"},"query-input":{"@type":"PropertyValueSpecification","valueRequired":true,"valueName":"search_term_string"}}],"inLanguage":"fr-FR"}]}},"acf":[],"_links":{"self":[{"href":"https:\/\/www.hotelcontinentalcremona.it\/fr\/wp-json\/wp\/v2\/pages\/368","targetHints":{"allow":["GET"]}}],"collection":[{"href":"https:\/\/www.hotelcontinentalcremona.it\/fr\/wp-json\/wp\/v2\/pages"}],"about":[{"href":"https:\/\/www.hotelcontinentalcremona.it\/fr\/wp-json\/wp\/v2\/types\/page"}],"author":[{"embeddable":true,"href":"https:\/\/www.hotelcontinentalcremona.it\/fr\/wp-json\/wp\/v2\/users\/344"}],"replies":[{"embeddable":true,"href":"https:\/\/www.hotelcontinentalcremona.it\/fr\/wp-json\/wp\/v2\/comments?post=368"}],"version-history":[{"count":0,"href":"https:\/\/www.hotelcontinentalcremona.it\/fr\/wp-json\/wp\/v2\/pages\/368\/revisions"}],"wp:attachment":[{"href":"https:\/\/www.hotelcontinentalcremona.it\/fr\/wp-json\/wp\/v2\/media?parent=368"}],"curies":[{"name":"wp","href":"https:\/\/api.w.org\/{rel}","templated":true}]}}