{"id":348,"date":"2021-09-17T14:24:11","date_gmt":"2021-09-17T14:24:11","guid":{"rendered":"https:\/\/hotel-continental.ms.decms.eu\/?page_id=348"},"modified":"2023-02-16T10:29:55","modified_gmt":"2023-02-16T10:29:55","slug":"chambres","status":"publish","type":"page","link":"https:\/\/www.hotelcontinentalcremona.it\/fr\/chambres\/","title":{"rendered":"Chambres"},"content":{"rendered":"<p>Dans l\u2019hotel il y a 63 chambres divis\u00e9es en singles, queen size (lit \u00e0 une place et demie), doubles\/matrimoniales\u00a0 Sup\u00e9rieures, triples et quadruples, pour un voyage de travail ou pour une vacance en famille.<\/p>\n<p>Les chambres sont lumineuses, certaines ont une vue sur la place, d\u2019autres ont une vue sur le Torrazzo, elles ont une salle de bain priv\u00e9e, air conditionn\u00e9, chauffage, s\u00e8che-cheveux, minibar, bureau pour travailler, TV Full HD 40\u2019\u2019 avec des chaines nationales, internationales et SKY, coffre-fort \u00e9lectronique, connexion wi-fi et\u00a0 Ethernet \u00e0 grande vitesse (100MB). Les chambres Sup\u00e9rieures, triples et quadruples ont une machine pour th\u00e9 et caf\u00e9.<\/p>\n<p>Nous avons des chambres avec salle de bain pour les personnes handicap\u00e9es, ce sont chambres simples.<\/p>\n","protected":false},"excerpt":{"rendered":"<p>Dans l\u2019hotel il y a 63 chambres divis\u00e9es en singles, queen size (lit \u00e0 une place et demie), doubles\/matrimoniales\u00a0 Sup\u00e9rieures, triples et quadruples, pour un voyage de travail ou pour une vacance en famille. Les chambres sont lumineuses, certaines ont une vue sur la place, d\u2019autres ont une vue sur le Torrazzo, elles ont une [&hellip;]<\/p>\n","protected":false},"author":344,"featured_media":0,"parent":0,"menu_order":30,"comment_status":"closed","ping_status":"closed","template":"template-rooms.php","meta":{"footnotes":""},"class_list":["post-348","page","type-page","status-publish","hentry"],"yoast_head":"<!-- This site is optimized with the Yoast SEO plugin v26.9 - https:\/\/yoast.com\/product\/yoast-seo-wordpress\/ -->\n<title>Chambres &#8226; Hotel Continental &#8226;<\/title>\n<meta name=\"description\" content=\"Dans l\u2019hotel il y a 63 chambres divis\u00e9es en singles, queen size (lit \u00e0 une place et demie), doubles\/matrimoniales\u00a0 Sup\u00e9rieures, triples et quadruples, pour un voyage de travail ou pour une vacance en famille.  Les chambres sont lumineuses, certaines ont une vue sur la place, d\u2019autres ont une vue sur le Torrazzo, elles ont une salle de bain priv\u00e9e, air conditionn\u00e9, chauffage, s\u00e8che-cheveux, minibar, bureau pour travailler, TV Full HD 40\u2019\u2019 avec des chaines nationales, internationales et SKY, coffre-fort \u00e9lectronique, connexion wi-fi et\u00a0 Ethernet \u00e0 grande vitesse (100MB). Les chambres Sup\u00e9rieures, triples et quadruples ont une machine pour th\u00e9 et caf\u00e9.  Nous avons des chambres avec salle de bain pour les personnes handicap\u00e9es, ce sont chambres simples.\" \/>\n<meta name=\"robots\" content=\"index, follow, max-snippet:-1, max-image-preview:large, max-video-preview:-1\" \/>\n<link rel=\"canonical\" href=\"https:\/\/www.hotelcontinentalcremona.it\/fr\/chambres\/\" \/>\n<meta property=\"og:locale\" content=\"fr_FR\" \/>\n<meta property=\"og:type\" content=\"article\" \/>\n<meta property=\"og:title\" content=\"Chambres &#8226; Hotel Continental &#8226;\" \/>\n<meta property=\"og:description\" content=\"Dans l\u2019hotel il y a 63 chambres divis\u00e9es en singles, queen size (lit \u00e0 une place et demie), doubles\/matrimoniales\u00a0 Sup\u00e9rieures, triples et quadruples, pour un voyage de travail ou pour une vacance en famille.  Les chambres sont lumineuses, certaines ont une vue sur la place, d\u2019autres ont une vue sur le Torrazzo, elles ont une salle de bain priv\u00e9e, air conditionn\u00e9, chauffage, s\u00e8che-cheveux, minibar, bureau pour travailler, TV Full HD 40\u2019\u2019 avec des chaines nationales, internationales et SKY, coffre-fort \u00e9lectronique, connexion wi-fi et\u00a0 Ethernet \u00e0 grande vitesse (100MB). Les chambres Sup\u00e9rieures, triples et quadruples ont une machine pour th\u00e9 et caf\u00e9.  Nous avons des chambres avec salle de bain pour les personnes handicap\u00e9es, ce sont chambres simples.\" \/>\n<meta property=\"og:url\" content=\"https:\/\/www.hotelcontinentalcremona.it\/fr\/chambres\/\" \/>\n<meta property=\"og:site_name\" content=\"Hotel Continental\" \/>\n<meta property=\"article:modified_time\" content=\"2023-02-16T10:29:55+00:00\" \/>\n<meta name=\"twitter:card\" content=\"summary_large_image\" \/>\n<meta name=\"twitter:label1\" content=\"Dur\u00e9e de lecture estim\u00e9e\" \/>\n\t<meta name=\"twitter:data1\" content=\"1 minute\" \/>\n<script type=\"application\/ld+json\" class=\"yoast-schema-graph\">{\"@context\":\"https:\/\/schema.org\",\"@graph\":[{\"@type\":\"WebPage\",\"@id\":\"https:\/\/www.hotelcontinentalcremona.it\/fr\/chambres\/\",\"url\":\"https:\/\/www.hotelcontinentalcremona.it\/fr\/chambres\/\",\"name\":\"Chambres &#8226; Hotel Continental &#8226;\",\"isPartOf\":{\"@id\":\"https:\/\/www.hotelcontinentalcremona.it\/fr\/#website\"},\"datePublished\":\"2021-09-17T14:24:11+00:00\",\"dateModified\":\"2023-02-16T10:29:55+00:00\",\"description\":\"Dans l\u2019hotel il y a 63 chambres divis\u00e9es en singles, queen size (lit \u00e0 une place et demie), doubles\/matrimoniales\u00a0 Sup\u00e9rieures, triples et quadruples, pour un voyage de travail ou pour une vacance en famille. Les chambres sont lumineuses, certaines ont une vue sur la place, d\u2019autres ont une vue sur le Torrazzo, elles ont une salle de bain priv\u00e9e, air conditionn\u00e9, chauffage, s\u00e8che-cheveux, minibar, bureau pour travailler, TV Full HD 40\u2019\u2019 avec des chaines nationales, internationales et SKY, coffre-fort \u00e9lectronique, connexion wi-fi et\u00a0 Ethernet \u00e0 grande vitesse (100MB). Les chambres Sup\u00e9rieures, triples et quadruples ont une machine pour th\u00e9 et caf\u00e9. Nous avons des chambres avec salle de bain pour les personnes handicap\u00e9es, ce sont chambres simples.\",\"breadcrumb\":{\"@id\":\"https:\/\/www.hotelcontinentalcremona.it\/fr\/chambres\/#breadcrumb\"},\"inLanguage\":\"fr-FR\",\"potentialAction\":[{\"@type\":\"ReadAction\",\"target\":[\"https:\/\/www.hotelcontinentalcremona.it\/fr\/chambres\/\"]}]},{\"@type\":\"BreadcrumbList\",\"@id\":\"https:\/\/www.hotelcontinentalcremona.it\/fr\/chambres\/#breadcrumb\",\"itemListElement\":[{\"@type\":\"ListItem\",\"position\":1,\"name\":\"Home\",\"item\":\"https:\/\/www.hotelcontinentalcremona.it\/fr\/\"},{\"@type\":\"ListItem\",\"position\":2,\"name\":\"Chambres\"}]},{\"@type\":\"WebSite\",\"@id\":\"https:\/\/www.hotelcontinentalcremona.it\/fr\/#website\",\"url\":\"https:\/\/www.hotelcontinentalcremona.it\/fr\/\",\"name\":\"Hotel Continental\",\"description\":\"Just another ms.decms.eu site\",\"potentialAction\":[{\"@type\":\"SearchAction\",\"target\":{\"@type\":\"EntryPoint\",\"urlTemplate\":\"https:\/\/www.hotelcontinentalcremona.it\/fr\/?s={search_term_string}\"},\"query-input\":{\"@type\":\"PropertyValueSpecification\",\"valueRequired\":true,\"valueName\":\"search_term_string\"}}],\"inLanguage\":\"fr-FR\"}]}<\/script>\n<!-- \/ Yoast SEO plugin. -->","yoast_head_json":{"title":"Chambres &#8226; Hotel Continental &#8226;","description":"Dans l\u2019hotel il y a 63 chambres divis\u00e9es en singles, queen size (lit \u00e0 une place et demie), doubles\/matrimoniales\u00a0 Sup\u00e9rieures, triples et quadruples, pour un voyage de travail ou pour une vacance en famille.  Les chambres sont lumineuses, certaines ont une vue sur la place, d\u2019autres ont une vue sur le Torrazzo, elles ont une salle de bain priv\u00e9e, air conditionn\u00e9, chauffage, s\u00e8che-cheveux, minibar, bureau pour travailler, TV Full HD 40\u2019\u2019 avec des chaines nationales, internationales et SKY, coffre-fort \u00e9lectronique, connexion wi-fi et\u00a0 Ethernet \u00e0 grande vitesse (100MB). Les chambres Sup\u00e9rieures, triples et quadruples ont une machine pour th\u00e9 et caf\u00e9.  Nous avons des chambres avec salle de bain pour les personnes handicap\u00e9es, ce sont chambres simples.","robots":{"index":"index","follow":"follow","max-snippet":"max-snippet:-1","max-image-preview":"max-image-preview:large","max-video-preview":"max-video-preview:-1"},"canonical":"https:\/\/www.hotelcontinentalcremona.it\/fr\/chambres\/","og_locale":"fr_FR","og_type":"article","og_title":"Chambres &#8226; Hotel Continental &#8226;","og_description":"Dans l\u2019hotel il y a 63 chambres divis\u00e9es en singles, queen size (lit \u00e0 une place et demie), doubles\/matrimoniales\u00a0 Sup\u00e9rieures, triples et quadruples, pour un voyage de travail ou pour une vacance en famille.  Les chambres sont lumineuses, certaines ont une vue sur la place, d\u2019autres ont une vue sur le Torrazzo, elles ont une salle de bain priv\u00e9e, air conditionn\u00e9, chauffage, s\u00e8che-cheveux, minibar, bureau pour travailler, TV Full HD 40\u2019\u2019 avec des chaines nationales, internationales et SKY, coffre-fort \u00e9lectronique, connexion wi-fi et\u00a0 Ethernet \u00e0 grande vitesse (100MB). Les chambres Sup\u00e9rieures, triples et quadruples ont une machine pour th\u00e9 et caf\u00e9.  Nous avons des chambres avec salle de bain pour les personnes handicap\u00e9es, ce sont chambres simples.","og_url":"https:\/\/www.hotelcontinentalcremona.it\/fr\/chambres\/","og_site_name":"Hotel Continental","article_modified_time":"2023-02-16T10:29:55+00:00","twitter_card":"summary_large_image","twitter_misc":{"Dur\u00e9e de lecture estim\u00e9e":"1 minute"},"schema":{"@context":"https:\/\/schema.org","@graph":[{"@type":"WebPage","@id":"https:\/\/www.hotelcontinentalcremona.it\/fr\/chambres\/","url":"https:\/\/www.hotelcontinentalcremona.it\/fr\/chambres\/","name":"Chambres &#8226; Hotel Continental &#8226;","isPartOf":{"@id":"https:\/\/www.hotelcontinentalcremona.it\/fr\/#website"},"datePublished":"2021-09-17T14:24:11+00:00","dateModified":"2023-02-16T10:29:55+00:00","description":"Dans l\u2019hotel il y a 63 chambres divis\u00e9es en singles, queen size (lit \u00e0 une place et demie), doubles\/matrimoniales\u00a0 Sup\u00e9rieures, triples et quadruples, pour un voyage de travail ou pour une vacance en famille. Les chambres sont lumineuses, certaines ont une vue sur la place, d\u2019autres ont une vue sur le Torrazzo, elles ont une salle de bain priv\u00e9e, air conditionn\u00e9, chauffage, s\u00e8che-cheveux, minibar, bureau pour travailler, TV Full HD 40\u2019\u2019 avec des chaines nationales, internationales et SKY, coffre-fort \u00e9lectronique, connexion wi-fi et\u00a0 Ethernet \u00e0 grande vitesse (100MB). Les chambres Sup\u00e9rieures, triples et quadruples ont une machine pour th\u00e9 et caf\u00e9. Nous avons des chambres avec salle de bain pour les personnes handicap\u00e9es, ce sont chambres simples.","breadcrumb":{"@id":"https:\/\/www.hotelcontinentalcremona.it\/fr\/chambres\/#breadcrumb"},"inLanguage":"fr-FR","potentialAction":[{"@type":"ReadAction","target":["https:\/\/www.hotelcontinentalcremona.it\/fr\/chambres\/"]}]},{"@type":"BreadcrumbList","@id":"https:\/\/www.hotelcontinentalcremona.it\/fr\/chambres\/#breadcrumb","itemListElement":[{"@type":"ListItem","position":1,"name":"Home","item":"https:\/\/www.hotelcontinentalcremona.it\/fr\/"},{"@type":"ListItem","position":2,"name":"Chambres"}]},{"@type":"WebSite","@id":"https:\/\/www.hotelcontinentalcremona.it\/fr\/#website","url":"https:\/\/www.hotelcontinentalcremona.it\/fr\/","name":"Hotel Continental","description":"Just another ms.decms.eu site","potentialAction":[{"@type":"SearchAction","target":{"@type":"EntryPoint","urlTemplate":"https:\/\/www.hotelcontinentalcremona.it\/fr\/?s={search_term_string}"},"query-input":{"@type":"PropertyValueSpecification","valueRequired":true,"valueName":"search_term_string"}}],"inLanguage":"fr-FR"}]}},"acf":[],"_links":{"self":[{"href":"https:\/\/www.hotelcontinentalcremona.it\/fr\/wp-json\/wp\/v2\/pages\/348","targetHints":{"allow":["GET"]}}],"collection":[{"href":"https:\/\/www.hotelcontinentalcremona.it\/fr\/wp-json\/wp\/v2\/pages"}],"about":[{"href":"https:\/\/www.hotelcontinentalcremona.it\/fr\/wp-json\/wp\/v2\/types\/page"}],"author":[{"embeddable":true,"href":"https:\/\/www.hotelcontinentalcremona.it\/fr\/wp-json\/wp\/v2\/users\/344"}],"replies":[{"embeddable":true,"href":"https:\/\/www.hotelcontinentalcremona.it\/fr\/wp-json\/wp\/v2\/comments?post=348"}],"version-history":[{"count":0,"href":"https:\/\/www.hotelcontinentalcremona.it\/fr\/wp-json\/wp\/v2\/pages\/348\/revisions"}],"wp:attachment":[{"href":"https:\/\/www.hotelcontinentalcremona.it\/fr\/wp-json\/wp\/v2\/media?parent=348"}],"curies":[{"name":"wp","href":"https:\/\/api.w.org\/{rel}","templated":true}]}}