{"id":4,"date":"2021-07-05T08:09:36","date_gmt":"2021-07-05T08:09:36","guid":{"rendered":"https:\/\/hotel-continental.ms.decms.eu\/?page_id=4"},"modified":"2025-09-01T13:38:19","modified_gmt":"2025-09-01T13:38:19","slug":"homepage","status":"publish","type":"page","link":"https:\/\/www.hotelcontinentalcremona.it\/de\/","title":{"rendered":"Hotel Continental"},"content":{"rendered":"<p>Das ikonische Hotel der Stadt Cremona wurde nach einer kompletten Renovierung im Jahr 2012 wiederer\u00f6ffnet, um einen neuen Standard an Eleganz und Gastfreundschaft zu setzen.<\/p>\n<p>Der Hotelempfang wird im Erdgeschoss durch die typische und elegante Pizzeria \u201eLa Pizza d&#8217;Autore\u201c vervollst\u00e4ndigt,\u00a0zwei Tagungsr\u00e4ume und ein kleines Fitnessstudio.<\/p>\n<p>Das Hotel schont die Umwelt und reduziert CO2-Emissionen mit einer Photovoltaikanlage zur Erzeugung erneuerbaren Stroms, mit der Isolierbeschichtung, die die Oberfl\u00e4chen aller Au\u00dfenfassaden bedeckt, und mit dem modernen W\u00e4rmepumpensystem, das von der Klimaanlage erzeugtes Warmwasser recycelt.<\/p>\n<p>Das Hotel verf\u00fcgt nicht \u00fcber einen privaten Parkplatz, aber 150 Meter entfernt befindet sich der gr\u00f6\u00dfte st\u00e4dtische Parkplatz in Cremona. Das Parken ist \u00f6ffentlich, extern und v\u00f6llig kostenlos (Parkplatz des Roten Kreuzes).<\/p>\n<p>Im Hotel steht eine 22-kW-Autoladestation zur Verf\u00fcgung<\/p>\n","protected":false},"excerpt":{"rendered":"<p>Das ikonische Hotel der Stadt Cremona wurde nach einer kompletten Renovierung im Jahr 2012 wiederer\u00f6ffnet, um einen neuen Standard an Eleganz und Gastfreundschaft zu setzen. Der Hotelempfang wird im Erdgeschoss durch die typische und elegante Pizzeria \u201eLa Pizza d&#8217;Autore\u201c vervollst\u00e4ndigt,\u00a0zwei Tagungsr\u00e4ume und ein kleines Fitnessstudio. Das Hotel schont die Umwelt und reduziert CO2-Emissionen mit einer [&hellip;]<\/p>\n","protected":false},"author":17,"featured_media":0,"parent":0,"menu_order":10,"comment_status":"closed","ping_status":"closed","template":"","meta":{"footnotes":""},"class_list":["post-4","page","type-page","status-publish","hentry"],"yoast_head":"<!-- This site is optimized with the Yoast SEO plugin v26.9 - https:\/\/yoast.com\/product\/yoast-seo-wordpress\/ -->\n<title>Hotel Continental &#8226; ikonisches Hotel in der Stadt Cremona<\/title>\n<meta name=\"description\" content=\"Das ikonische Hotel der Stadt Cremona wurde nach einer kompletten Renovierung im Jahr 2012 wiederer\u00f6ffnet, um einen neuen Standard an Eleganz und Gastfreundschaft zu setzen.  Der Hotelempfang wird im Erdgeschoss durch die typische und elegante Pizzeria \u201eLa Pizza d&#039;Autore\u201c vervollst\u00e4ndigt,\u00a0zwei Tagungsr\u00e4ume und ein kleines Fitnessstudio.  Das Hotel schont die Umwelt und reduziert CO2-Emissionen mit einer Photovoltaikanlage zur Erzeugung erneuerbaren Stroms, mit der Isolierbeschichtung, die die Oberfl\u00e4chen aller Au\u00dfenfassaden bedeckt, und mit dem modernen W\u00e4rmepumpensystem, das von der Klimaanlage erzeugtes Warmwasser recycelt.  Das Hotel verf\u00fcgt nicht \u00fcber einen privaten Parkplatz, aber 150 Meter entfernt befindet sich der gr\u00f6\u00dfte st\u00e4dtische Parkplatz in Cremona. Das Parken ist \u00f6ffentlich, extern und v\u00f6llig kostenlos (Parkplatz des Roten Kreuzes).  Im Hotel steht eine 22-kW-Autoladestation zur Verf\u00fcgung\" \/>\n<meta name=\"robots\" content=\"index, follow, max-snippet:-1, max-image-preview:large, max-video-preview:-1\" \/>\n<link rel=\"canonical\" href=\"https:\/\/www.hotelcontinentalcremona.it\/de\/\" \/>\n<meta property=\"og:locale\" content=\"de_DE\" \/>\n<meta property=\"og:type\" content=\"article\" \/>\n<meta property=\"og:title\" content=\"Hotel Continental &#8226; ikonisches Hotel in der Stadt Cremona\" \/>\n<meta property=\"og:description\" content=\"Das ikonische Hotel der Stadt Cremona wurde nach einer kompletten Renovierung im Jahr 2012 wiederer\u00f6ffnet, um einen neuen Standard an Eleganz und Gastfreundschaft zu setzen.  Der Hotelempfang wird im Erdgeschoss durch die typische und elegante Pizzeria \u201eLa Pizza d&#039;Autore\u201c vervollst\u00e4ndigt,\u00a0zwei Tagungsr\u00e4ume und ein kleines Fitnessstudio.  Das Hotel schont die Umwelt und reduziert CO2-Emissionen mit einer Photovoltaikanlage zur Erzeugung erneuerbaren Stroms, mit der Isolierbeschichtung, die die Oberfl\u00e4chen aller Au\u00dfenfassaden bedeckt, und mit dem modernen W\u00e4rmepumpensystem, das von der Klimaanlage erzeugtes Warmwasser recycelt.  Das Hotel verf\u00fcgt nicht \u00fcber einen privaten Parkplatz, aber 150 Meter entfernt befindet sich der gr\u00f6\u00dfte st\u00e4dtische Parkplatz in Cremona. Das Parken ist \u00f6ffentlich, extern und v\u00f6llig kostenlos (Parkplatz des Roten Kreuzes).  Im Hotel steht eine 22-kW-Autoladestation zur Verf\u00fcgung\" \/>\n<meta property=\"og:url\" content=\"https:\/\/www.hotelcontinentalcremona.it\/de\/\" \/>\n<meta property=\"og:site_name\" content=\"Hotel Continental\" \/>\n<meta property=\"article:modified_time\" content=\"2025-09-01T13:38:19+00:00\" \/>\n<meta name=\"twitter:card\" content=\"summary_large_image\" \/>\n<meta name=\"twitter:label1\" content=\"Gesch\u00e4tzte Lesezeit\" \/>\n\t<meta name=\"twitter:data1\" content=\"1 Minute\" \/>\n<script type=\"application\/ld+json\" class=\"yoast-schema-graph\">{\"@context\":\"https:\/\/schema.org\",\"@graph\":[{\"@type\":\"WebPage\",\"@id\":\"https:\/\/www.hotelcontinentalcremona.it\/de\/\",\"url\":\"https:\/\/www.hotelcontinentalcremona.it\/de\/\",\"name\":\"Hotel Continental &#8226; ikonisches Hotel in der Stadt Cremona\",\"isPartOf\":{\"@id\":\"https:\/\/www.hotelcontinentalcremona.it\/de\/#website\"},\"datePublished\":\"2021-07-05T08:09:36+00:00\",\"dateModified\":\"2025-09-01T13:38:19+00:00\",\"description\":\"Das ikonische Hotel der Stadt Cremona wurde nach einer kompletten Renovierung im Jahr 2012 wiederer\u00f6ffnet, um einen neuen Standard an Eleganz und Gastfreundschaft zu setzen. Der Hotelempfang wird im Erdgeschoss durch die typische und elegante Pizzeria \u201eLa Pizza d'Autore\u201c vervollst\u00e4ndigt,\u00a0zwei Tagungsr\u00e4ume und ein kleines Fitnessstudio. Das Hotel schont die Umwelt und reduziert CO2-Emissionen mit einer Photovoltaikanlage zur Erzeugung erneuerbaren Stroms, mit der Isolierbeschichtung, die die Oberfl\u00e4chen aller Au\u00dfenfassaden bedeckt, und mit dem modernen W\u00e4rmepumpensystem, das von der Klimaanlage erzeugtes Warmwasser recycelt. Das Hotel verf\u00fcgt nicht \u00fcber einen privaten Parkplatz, aber 150 Meter entfernt befindet sich der gr\u00f6\u00dfte st\u00e4dtische Parkplatz in Cremona. Das Parken ist \u00f6ffentlich, extern und v\u00f6llig kostenlos (Parkplatz des Roten Kreuzes). Im Hotel steht eine 22-kW-Autoladestation zur Verf\u00fcgung\",\"breadcrumb\":{\"@id\":\"https:\/\/www.hotelcontinentalcremona.it\/de\/#breadcrumb\"},\"inLanguage\":\"de-DE\",\"potentialAction\":[{\"@type\":\"ReadAction\",\"target\":[\"https:\/\/www.hotelcontinentalcremona.it\/de\/\"]}]},{\"@type\":\"BreadcrumbList\",\"@id\":\"https:\/\/www.hotelcontinentalcremona.it\/de\/#breadcrumb\",\"itemListElement\":[{\"@type\":\"ListItem\",\"position\":1,\"name\":\"Home\",\"item\":\"https:\/\/www.hotelcontinentalcremona.it\/de\/\"},{\"@type\":\"ListItem\",\"position\":2,\"name\":\"Hotel Continental\"}]},{\"@type\":\"WebSite\",\"@id\":\"https:\/\/www.hotelcontinentalcremona.it\/de\/#website\",\"url\":\"https:\/\/www.hotelcontinentalcremona.it\/de\/\",\"name\":\"Hotel Continental\",\"description\":\"Just another ms.decms.eu site\",\"potentialAction\":[{\"@type\":\"SearchAction\",\"target\":{\"@type\":\"EntryPoint\",\"urlTemplate\":\"https:\/\/www.hotelcontinentalcremona.it\/de\/?s={search_term_string}\"},\"query-input\":{\"@type\":\"PropertyValueSpecification\",\"valueRequired\":true,\"valueName\":\"search_term_string\"}}],\"inLanguage\":\"de-DE\"}]}<\/script>\n<!-- \/ Yoast SEO plugin. -->","yoast_head_json":{"title":"Hotel Continental &#8226; ikonisches Hotel in der Stadt Cremona","description":"Das ikonische Hotel der Stadt Cremona wurde nach einer kompletten Renovierung im Jahr 2012 wiederer\u00f6ffnet, um einen neuen Standard an Eleganz und Gastfreundschaft zu setzen.  Der Hotelempfang wird im Erdgeschoss durch die typische und elegante Pizzeria \u201eLa Pizza d'Autore\u201c vervollst\u00e4ndigt,\u00a0zwei Tagungsr\u00e4ume und ein kleines Fitnessstudio.  Das Hotel schont die Umwelt und reduziert CO2-Emissionen mit einer Photovoltaikanlage zur Erzeugung erneuerbaren Stroms, mit der Isolierbeschichtung, die die Oberfl\u00e4chen aller Au\u00dfenfassaden bedeckt, und mit dem modernen W\u00e4rmepumpensystem, das von der Klimaanlage erzeugtes Warmwasser recycelt.  Das Hotel verf\u00fcgt nicht \u00fcber einen privaten Parkplatz, aber 150 Meter entfernt befindet sich der gr\u00f6\u00dfte st\u00e4dtische Parkplatz in Cremona. Das Parken ist \u00f6ffentlich, extern und v\u00f6llig kostenlos (Parkplatz des Roten Kreuzes).  Im Hotel steht eine 22-kW-Autoladestation zur Verf\u00fcgung","robots":{"index":"index","follow":"follow","max-snippet":"max-snippet:-1","max-image-preview":"max-image-preview:large","max-video-preview":"max-video-preview:-1"},"canonical":"https:\/\/www.hotelcontinentalcremona.it\/de\/","og_locale":"de_DE","og_type":"article","og_title":"Hotel Continental &#8226; ikonisches Hotel in der Stadt Cremona","og_description":"Das ikonische Hotel der Stadt Cremona wurde nach einer kompletten Renovierung im Jahr 2012 wiederer\u00f6ffnet, um einen neuen Standard an Eleganz und Gastfreundschaft zu setzen.  Der Hotelempfang wird im Erdgeschoss durch die typische und elegante Pizzeria \u201eLa Pizza d'Autore\u201c vervollst\u00e4ndigt,\u00a0zwei Tagungsr\u00e4ume und ein kleines Fitnessstudio.  Das Hotel schont die Umwelt und reduziert CO2-Emissionen mit einer Photovoltaikanlage zur Erzeugung erneuerbaren Stroms, mit der Isolierbeschichtung, die die Oberfl\u00e4chen aller Au\u00dfenfassaden bedeckt, und mit dem modernen W\u00e4rmepumpensystem, das von der Klimaanlage erzeugtes Warmwasser recycelt.  Das Hotel verf\u00fcgt nicht \u00fcber einen privaten Parkplatz, aber 150 Meter entfernt befindet sich der gr\u00f6\u00dfte st\u00e4dtische Parkplatz in Cremona. Das Parken ist \u00f6ffentlich, extern und v\u00f6llig kostenlos (Parkplatz des Roten Kreuzes).  Im Hotel steht eine 22-kW-Autoladestation zur Verf\u00fcgung","og_url":"https:\/\/www.hotelcontinentalcremona.it\/de\/","og_site_name":"Hotel Continental","article_modified_time":"2025-09-01T13:38:19+00:00","twitter_card":"summary_large_image","twitter_misc":{"Gesch\u00e4tzte Lesezeit":"1 Minute"},"schema":{"@context":"https:\/\/schema.org","@graph":[{"@type":"WebPage","@id":"https:\/\/www.hotelcontinentalcremona.it\/de\/","url":"https:\/\/www.hotelcontinentalcremona.it\/de\/","name":"Hotel Continental &#8226; ikonisches Hotel in der Stadt Cremona","isPartOf":{"@id":"https:\/\/www.hotelcontinentalcremona.it\/de\/#website"},"datePublished":"2021-07-05T08:09:36+00:00","dateModified":"2025-09-01T13:38:19+00:00","description":"Das ikonische Hotel der Stadt Cremona wurde nach einer kompletten Renovierung im Jahr 2012 wiederer\u00f6ffnet, um einen neuen Standard an Eleganz und Gastfreundschaft zu setzen. Der Hotelempfang wird im Erdgeschoss durch die typische und elegante Pizzeria \u201eLa Pizza d'Autore\u201c vervollst\u00e4ndigt,\u00a0zwei Tagungsr\u00e4ume und ein kleines Fitnessstudio. Das Hotel schont die Umwelt und reduziert CO2-Emissionen mit einer Photovoltaikanlage zur Erzeugung erneuerbaren Stroms, mit der Isolierbeschichtung, die die Oberfl\u00e4chen aller Au\u00dfenfassaden bedeckt, und mit dem modernen W\u00e4rmepumpensystem, das von der Klimaanlage erzeugtes Warmwasser recycelt. Das Hotel verf\u00fcgt nicht \u00fcber einen privaten Parkplatz, aber 150 Meter entfernt befindet sich der gr\u00f6\u00dfte st\u00e4dtische Parkplatz in Cremona. Das Parken ist \u00f6ffentlich, extern und v\u00f6llig kostenlos (Parkplatz des Roten Kreuzes). Im Hotel steht eine 22-kW-Autoladestation zur Verf\u00fcgung","breadcrumb":{"@id":"https:\/\/www.hotelcontinentalcremona.it\/de\/#breadcrumb"},"inLanguage":"de-DE","potentialAction":[{"@type":"ReadAction","target":["https:\/\/www.hotelcontinentalcremona.it\/de\/"]}]},{"@type":"BreadcrumbList","@id":"https:\/\/www.hotelcontinentalcremona.it\/de\/#breadcrumb","itemListElement":[{"@type":"ListItem","position":1,"name":"Home","item":"https:\/\/www.hotelcontinentalcremona.it\/de\/"},{"@type":"ListItem","position":2,"name":"Hotel Continental"}]},{"@type":"WebSite","@id":"https:\/\/www.hotelcontinentalcremona.it\/de\/#website","url":"https:\/\/www.hotelcontinentalcremona.it\/de\/","name":"Hotel Continental","description":"Just another ms.decms.eu site","potentialAction":[{"@type":"SearchAction","target":{"@type":"EntryPoint","urlTemplate":"https:\/\/www.hotelcontinentalcremona.it\/de\/?s={search_term_string}"},"query-input":{"@type":"PropertyValueSpecification","valueRequired":true,"valueName":"search_term_string"}}],"inLanguage":"de-DE"}]}},"acf":[],"_links":{"self":[{"href":"https:\/\/www.hotelcontinentalcremona.it\/de\/wp-json\/wp\/v2\/pages\/4","targetHints":{"allow":["GET"]}}],"collection":[{"href":"https:\/\/www.hotelcontinentalcremona.it\/de\/wp-json\/wp\/v2\/pages"}],"about":[{"href":"https:\/\/www.hotelcontinentalcremona.it\/de\/wp-json\/wp\/v2\/types\/page"}],"author":[{"embeddable":true,"href":"https:\/\/www.hotelcontinentalcremona.it\/de\/wp-json\/wp\/v2\/users\/17"}],"replies":[{"embeddable":true,"href":"https:\/\/www.hotelcontinentalcremona.it\/de\/wp-json\/wp\/v2\/comments?post=4"}],"version-history":[{"count":0,"href":"https:\/\/www.hotelcontinentalcremona.it\/de\/wp-json\/wp\/v2\/pages\/4\/revisions"}],"wp:attachment":[{"href":"https:\/\/www.hotelcontinentalcremona.it\/de\/wp-json\/wp\/v2\/media?parent=4"}],"curies":[{"name":"wp","href":"https:\/\/api.w.org\/{rel}","templated":true}]}}