{"id":381,"date":"2021-09-17T14:57:36","date_gmt":"2021-09-17T14:57:36","guid":{"rendered":"https:\/\/hotel-continental.ms.decms.eu\/?page_id=381"},"modified":"2025-04-16T14:37:57","modified_gmt":"2025-04-16T14:37:57","slug":"la-pizza-dautore","status":"publish","type":"page","link":"https:\/\/www.hotelcontinentalcremona.it\/de\/restaurant\/la-pizza-dautore\/","title":{"rendered":"La pizza d&#8217;autore"},"content":{"rendered":"<p><strong>PIZZERIA D\u2019AUTORE<\/strong>, gelegen im eleganten <strong>Hotel Continental<\/strong>,<br \/>\nist weit mehr als nur eine einfache Pizzeria: Sie ist ein Ort, an dem die Leidenschaft f\u00fcr die Kunst des Pizzabackens auf erstklassige Zutaten und die kreative Handschrift eines Meister-Pizzaiolos trifft. Jede Pizza wird als ein echtes Meisterwerk kreiert \u2013 mit lang gereiftem Teig, sorgf\u00e4ltig ausgew\u00e4hlten Mehlen und Bel\u00e4gen, die die Aromen der Region hervorheben, ohne auf raffinierte Gourmet-Einfl\u00fcsse zu verzichten.<\/p>\n<p>Das stilvolle und zugleich einladende Ambiente, kombiniert mit aufmerksamem und sorgf\u00e4ltigem Service, macht die <strong>PIZZERIA D\u2019AUTORE<\/strong> zur idealen Wahl f\u00fcr alle, die ein einzigartiges kulinarisches Erlebnis im Herzen von Cremona suchen \u2013 zwischen Tradition, Innovation und einer Prise Stil.<\/p>\n<p>Die Pizzeria ist zum Mittag- und Abendessen ge\u00f6ffnet. <strong>Ruhetag: Dienstag.<\/strong><\/p>\n<p><strong>Tel.: +39 <\/strong>333-3797950<\/p>\n","protected":false},"excerpt":{"rendered":"<p>PIZZERIA D\u2019AUTORE, gelegen im eleganten Hotel Continental, ist weit mehr als nur eine einfache Pizzeria: Sie ist ein Ort, an dem die Leidenschaft f\u00fcr die Kunst des Pizzabackens auf erstklassige Zutaten und die kreative Handschrift eines Meister-Pizzaiolos trifft. Jede Pizza wird als ein echtes Meisterwerk kreiert \u2013 mit lang gereiftem Teig, sorgf\u00e4ltig ausgew\u00e4hlten Mehlen und [&hellip;]<\/p>\n","protected":false},"author":344,"featured_media":0,"parent":375,"menu_order":20,"comment_status":"closed","ping_status":"closed","template":"template-sigle-restaurant.php","meta":{"footnotes":""},"class_list":["post-381","page","type-page","status-publish","hentry"],"yoast_head":"<!-- This site is optimized with the Yoast SEO plugin v26.9 - https:\/\/yoast.com\/product\/yoast-seo-wordpress\/ -->\n<title>La pizza d&#039;autore &#8226; Hotel Continental &#8226;<\/title>\n<meta name=\"description\" content=\"PIZZERIA D\u2019AUTORE, gelegen im eleganten Hotel Continental, ist weit mehr als nur eine einfache Pizzeria: Sie ist ein Ort, an dem die Leidenschaft f\u00fcr die Kunst des Pizzabackens auf erstklassige Zutaten und die kreative Handschrift eines Meister-Pizzaiolos trifft. Jede Pizza wird als ein echtes Meisterwerk kreiert \u2013 mit lang gereiftem Teig, sorgf\u00e4ltig ausgew\u00e4hlten Mehlen und Bel\u00e4gen, die die Aromen der Region hervorheben, ohne auf raffinierte Gourmet-Einfl\u00fcsse zu verzichten.  Das stilvolle und zugleich einladende Ambiente, kombiniert mit aufmerksamem und sorgf\u00e4ltigem Service, macht die PIZZERIA D\u2019AUTORE zur idealen Wahl f\u00fcr alle, die ein einzigartiges kulinarisches Erlebnis im Herzen von Cremona suchen \u2013 zwischen Tradition, Innovation und einer Prise Stil.  Die Pizzeria ist zum Mittag- und Abendessen ge\u00f6ffnet\" \/>\n<meta name=\"robots\" content=\"index, follow, max-snippet:-1, max-image-preview:large, max-video-preview:-1\" \/>\n<link rel=\"canonical\" href=\"https:\/\/www.hotelcontinentalcremona.it\/de\/restaurant\/la-pizza-dautore\/\" \/>\n<meta property=\"og:locale\" content=\"de_DE\" \/>\n<meta property=\"og:type\" content=\"article\" \/>\n<meta property=\"og:title\" content=\"La pizza d&#039;autore &#8226; Hotel Continental &#8226;\" \/>\n<meta property=\"og:description\" content=\"PIZZERIA D\u2019AUTORE, gelegen im eleganten Hotel Continental, ist weit mehr als nur eine einfache Pizzeria: Sie ist ein Ort, an dem die Leidenschaft f\u00fcr die Kunst des Pizzabackens auf erstklassige Zutaten und die kreative Handschrift eines Meister-Pizzaiolos trifft. Jede Pizza wird als ein echtes Meisterwerk kreiert \u2013 mit lang gereiftem Teig, sorgf\u00e4ltig ausgew\u00e4hlten Mehlen und Bel\u00e4gen, die die Aromen der Region hervorheben, ohne auf raffinierte Gourmet-Einfl\u00fcsse zu verzichten.  Das stilvolle und zugleich einladende Ambiente, kombiniert mit aufmerksamem und sorgf\u00e4ltigem Service, macht die PIZZERIA D\u2019AUTORE zur idealen Wahl f\u00fcr alle, die ein einzigartiges kulinarisches Erlebnis im Herzen von Cremona suchen \u2013 zwischen Tradition, Innovation und einer Prise Stil.  Die Pizzeria ist zum Mittag- und Abendessen ge\u00f6ffnet\" \/>\n<meta property=\"og:url\" content=\"https:\/\/www.hotelcontinentalcremona.it\/de\/restaurant\/la-pizza-dautore\/\" \/>\n<meta property=\"og:site_name\" content=\"Hotel Continental\" \/>\n<meta property=\"article:modified_time\" content=\"2025-04-16T14:37:57+00:00\" \/>\n<meta name=\"twitter:card\" content=\"summary_large_image\" \/>\n<meta name=\"twitter:label1\" content=\"Gesch\u00e4tzte Lesezeit\" \/>\n\t<meta name=\"twitter:data1\" content=\"1 Minute\" \/>\n<script type=\"application\/ld+json\" class=\"yoast-schema-graph\">{\"@context\":\"https:\/\/schema.org\",\"@graph\":[{\"@type\":\"WebPage\",\"@id\":\"https:\/\/www.hotelcontinentalcremona.it\/de\/restaurant\/la-pizza-dautore\/\",\"url\":\"https:\/\/www.hotelcontinentalcremona.it\/de\/restaurant\/la-pizza-dautore\/\",\"name\":\"La pizza d'autore &#8226; Hotel Continental &#8226;\",\"isPartOf\":{\"@id\":\"https:\/\/www.hotelcontinentalcremona.it\/de\/#website\"},\"datePublished\":\"2021-09-17T14:57:36+00:00\",\"dateModified\":\"2025-04-16T14:37:57+00:00\",\"description\":\"PIZZERIA D\u2019AUTORE, gelegen im eleganten Hotel Continental, ist weit mehr als nur eine einfache Pizzeria: Sie ist ein Ort, an dem die Leidenschaft f\u00fcr die Kunst des Pizzabackens auf erstklassige Zutaten und die kreative Handschrift eines Meister-Pizzaiolos trifft. Jede Pizza wird als ein echtes Meisterwerk kreiert \u2013 mit lang gereiftem Teig, sorgf\u00e4ltig ausgew\u00e4hlten Mehlen und Bel\u00e4gen, die die Aromen der Region hervorheben, ohne auf raffinierte Gourmet-Einfl\u00fcsse zu verzichten. Das stilvolle und zugleich einladende Ambiente, kombiniert mit aufmerksamem und sorgf\u00e4ltigem Service, macht die PIZZERIA D\u2019AUTORE zur idealen Wahl f\u00fcr alle, die ein einzigartiges kulinarisches Erlebnis im Herzen von Cremona suchen \u2013 zwischen Tradition, Innovation und einer Prise Stil. Die Pizzeria ist zum Mittag- und Abendessen ge\u00f6ffnet\",\"breadcrumb\":{\"@id\":\"https:\/\/www.hotelcontinentalcremona.it\/de\/restaurant\/la-pizza-dautore\/#breadcrumb\"},\"inLanguage\":\"de-DE\",\"potentialAction\":[{\"@type\":\"ReadAction\",\"target\":[\"https:\/\/www.hotelcontinentalcremona.it\/de\/restaurant\/la-pizza-dautore\/\"]}]},{\"@type\":\"BreadcrumbList\",\"@id\":\"https:\/\/www.hotelcontinentalcremona.it\/de\/restaurant\/la-pizza-dautore\/#breadcrumb\",\"itemListElement\":[{\"@type\":\"ListItem\",\"position\":1,\"name\":\"Home\",\"item\":\"https:\/\/www.hotelcontinentalcremona.it\/de\/\"},{\"@type\":\"ListItem\",\"position\":2,\"name\":\"Restaurant\",\"item\":\"https:\/\/www.hotelcontinentalcremona.it\/de\/restaurant\/\"},{\"@type\":\"ListItem\",\"position\":3,\"name\":\"La pizza d&#8217;autore\"}]},{\"@type\":\"WebSite\",\"@id\":\"https:\/\/www.hotelcontinentalcremona.it\/de\/#website\",\"url\":\"https:\/\/www.hotelcontinentalcremona.it\/de\/\",\"name\":\"Hotel Continental\",\"description\":\"Just another ms.decms.eu site\",\"potentialAction\":[{\"@type\":\"SearchAction\",\"target\":{\"@type\":\"EntryPoint\",\"urlTemplate\":\"https:\/\/www.hotelcontinentalcremona.it\/de\/?s={search_term_string}\"},\"query-input\":{\"@type\":\"PropertyValueSpecification\",\"valueRequired\":true,\"valueName\":\"search_term_string\"}}],\"inLanguage\":\"de-DE\"}]}<\/script>\n<!-- \/ Yoast SEO plugin. -->","yoast_head_json":{"title":"La pizza d'autore &#8226; Hotel Continental &#8226;","description":"PIZZERIA D\u2019AUTORE, gelegen im eleganten Hotel Continental, ist weit mehr als nur eine einfache Pizzeria: Sie ist ein Ort, an dem die Leidenschaft f\u00fcr die Kunst des Pizzabackens auf erstklassige Zutaten und die kreative Handschrift eines Meister-Pizzaiolos trifft. Jede Pizza wird als ein echtes Meisterwerk kreiert \u2013 mit lang gereiftem Teig, sorgf\u00e4ltig ausgew\u00e4hlten Mehlen und Bel\u00e4gen, die die Aromen der Region hervorheben, ohne auf raffinierte Gourmet-Einfl\u00fcsse zu verzichten.  Das stilvolle und zugleich einladende Ambiente, kombiniert mit aufmerksamem und sorgf\u00e4ltigem Service, macht die PIZZERIA D\u2019AUTORE zur idealen Wahl f\u00fcr alle, die ein einzigartiges kulinarisches Erlebnis im Herzen von Cremona suchen \u2013 zwischen Tradition, Innovation und einer Prise Stil.  Die Pizzeria ist zum Mittag- und Abendessen ge\u00f6ffnet","robots":{"index":"index","follow":"follow","max-snippet":"max-snippet:-1","max-image-preview":"max-image-preview:large","max-video-preview":"max-video-preview:-1"},"canonical":"https:\/\/www.hotelcontinentalcremona.it\/de\/restaurant\/la-pizza-dautore\/","og_locale":"de_DE","og_type":"article","og_title":"La pizza d'autore &#8226; Hotel Continental &#8226;","og_description":"PIZZERIA D\u2019AUTORE, gelegen im eleganten Hotel Continental, ist weit mehr als nur eine einfache Pizzeria: Sie ist ein Ort, an dem die Leidenschaft f\u00fcr die Kunst des Pizzabackens auf erstklassige Zutaten und die kreative Handschrift eines Meister-Pizzaiolos trifft. Jede Pizza wird als ein echtes Meisterwerk kreiert \u2013 mit lang gereiftem Teig, sorgf\u00e4ltig ausgew\u00e4hlten Mehlen und Bel\u00e4gen, die die Aromen der Region hervorheben, ohne auf raffinierte Gourmet-Einfl\u00fcsse zu verzichten.  Das stilvolle und zugleich einladende Ambiente, kombiniert mit aufmerksamem und sorgf\u00e4ltigem Service, macht die PIZZERIA D\u2019AUTORE zur idealen Wahl f\u00fcr alle, die ein einzigartiges kulinarisches Erlebnis im Herzen von Cremona suchen \u2013 zwischen Tradition, Innovation und einer Prise Stil.  Die Pizzeria ist zum Mittag- und Abendessen ge\u00f6ffnet","og_url":"https:\/\/www.hotelcontinentalcremona.it\/de\/restaurant\/la-pizza-dautore\/","og_site_name":"Hotel Continental","article_modified_time":"2025-04-16T14:37:57+00:00","twitter_card":"summary_large_image","twitter_misc":{"Gesch\u00e4tzte Lesezeit":"1 Minute"},"schema":{"@context":"https:\/\/schema.org","@graph":[{"@type":"WebPage","@id":"https:\/\/www.hotelcontinentalcremona.it\/de\/restaurant\/la-pizza-dautore\/","url":"https:\/\/www.hotelcontinentalcremona.it\/de\/restaurant\/la-pizza-dautore\/","name":"La pizza d'autore &#8226; Hotel Continental &#8226;","isPartOf":{"@id":"https:\/\/www.hotelcontinentalcremona.it\/de\/#website"},"datePublished":"2021-09-17T14:57:36+00:00","dateModified":"2025-04-16T14:37:57+00:00","description":"PIZZERIA D\u2019AUTORE, gelegen im eleganten Hotel Continental, ist weit mehr als nur eine einfache Pizzeria: Sie ist ein Ort, an dem die Leidenschaft f\u00fcr die Kunst des Pizzabackens auf erstklassige Zutaten und die kreative Handschrift eines Meister-Pizzaiolos trifft. Jede Pizza wird als ein echtes Meisterwerk kreiert \u2013 mit lang gereiftem Teig, sorgf\u00e4ltig ausgew\u00e4hlten Mehlen und Bel\u00e4gen, die die Aromen der Region hervorheben, ohne auf raffinierte Gourmet-Einfl\u00fcsse zu verzichten. Das stilvolle und zugleich einladende Ambiente, kombiniert mit aufmerksamem und sorgf\u00e4ltigem Service, macht die PIZZERIA D\u2019AUTORE zur idealen Wahl f\u00fcr alle, die ein einzigartiges kulinarisches Erlebnis im Herzen von Cremona suchen \u2013 zwischen Tradition, Innovation und einer Prise Stil. Die Pizzeria ist zum Mittag- und Abendessen ge\u00f6ffnet","breadcrumb":{"@id":"https:\/\/www.hotelcontinentalcremona.it\/de\/restaurant\/la-pizza-dautore\/#breadcrumb"},"inLanguage":"de-DE","potentialAction":[{"@type":"ReadAction","target":["https:\/\/www.hotelcontinentalcremona.it\/de\/restaurant\/la-pizza-dautore\/"]}]},{"@type":"BreadcrumbList","@id":"https:\/\/www.hotelcontinentalcremona.it\/de\/restaurant\/la-pizza-dautore\/#breadcrumb","itemListElement":[{"@type":"ListItem","position":1,"name":"Home","item":"https:\/\/www.hotelcontinentalcremona.it\/de\/"},{"@type":"ListItem","position":2,"name":"Restaurant","item":"https:\/\/www.hotelcontinentalcremona.it\/de\/restaurant\/"},{"@type":"ListItem","position":3,"name":"La pizza d&#8217;autore"}]},{"@type":"WebSite","@id":"https:\/\/www.hotelcontinentalcremona.it\/de\/#website","url":"https:\/\/www.hotelcontinentalcremona.it\/de\/","name":"Hotel Continental","description":"Just another ms.decms.eu site","potentialAction":[{"@type":"SearchAction","target":{"@type":"EntryPoint","urlTemplate":"https:\/\/www.hotelcontinentalcremona.it\/de\/?s={search_term_string}"},"query-input":{"@type":"PropertyValueSpecification","valueRequired":true,"valueName":"search_term_string"}}],"inLanguage":"de-DE"}]}},"acf":[],"_links":{"self":[{"href":"https:\/\/www.hotelcontinentalcremona.it\/de\/wp-json\/wp\/v2\/pages\/381","targetHints":{"allow":["GET"]}}],"collection":[{"href":"https:\/\/www.hotelcontinentalcremona.it\/de\/wp-json\/wp\/v2\/pages"}],"about":[{"href":"https:\/\/www.hotelcontinentalcremona.it\/de\/wp-json\/wp\/v2\/types\/page"}],"author":[{"embeddable":true,"href":"https:\/\/www.hotelcontinentalcremona.it\/de\/wp-json\/wp\/v2\/users\/344"}],"replies":[{"embeddable":true,"href":"https:\/\/www.hotelcontinentalcremona.it\/de\/wp-json\/wp\/v2\/comments?post=381"}],"version-history":[{"count":0,"href":"https:\/\/www.hotelcontinentalcremona.it\/de\/wp-json\/wp\/v2\/pages\/381\/revisions"}],"up":[{"embeddable":true,"href":"https:\/\/www.hotelcontinentalcremona.it\/de\/wp-json\/wp\/v2\/pages\/375"}],"wp:attachment":[{"href":"https:\/\/www.hotelcontinentalcremona.it\/de\/wp-json\/wp\/v2\/media?parent=381"}],"curies":[{"name":"wp","href":"https:\/\/api.w.org\/{rel}","templated":true}]}}