{"id":375,"date":"2021-09-17T14:55:31","date_gmt":"2021-09-17T14:55:31","guid":{"rendered":"https:\/\/hotel-continental.ms.decms.eu\/?page_id=375"},"modified":"2025-09-01T13:51:22","modified_gmt":"2025-09-01T13:51:22","slug":"restaurant","status":"publish","type":"page","link":"https:\/\/www.hotelcontinentalcremona.it\/de\/restaurant\/","title":{"rendered":"Restaurant"},"content":{"rendered":"<p>Im Hotel Continental sind unsere G\u00e4ste herzlich eingeladen, unsere Honesty Bar zu nutzen, die sich auf der Rezeptionsebene befindet und rund um die Uhr ge\u00f6ffnet ist. Sie ist der ideale Ort, um eine frisch gebr\u00fchte Tasse Kaffee, ein Glas Wein oder einen Digestif in der eleganten Atmosph\u00e4re unseres Tea Rooms zu genie\u00dfen.<\/p>\n","protected":false},"excerpt":{"rendered":"<p>Im Hotel Continental sind unsere G\u00e4ste herzlich eingeladen, unsere Honesty Bar zu nutzen, die sich auf der Rezeptionsebene befindet und rund um die Uhr ge\u00f6ffnet ist. Sie ist der ideale Ort, um eine frisch gebr\u00fchte Tasse Kaffee, ein Glas Wein oder einen Digestif in der eleganten Atmosph\u00e4re unseres Tea Rooms zu genie\u00dfen.<\/p>\n","protected":false},"author":344,"featured_media":0,"parent":0,"menu_order":60,"comment_status":"closed","ping_status":"closed","template":"template-restaurants.php","meta":{"footnotes":""},"class_list":["post-375","page","type-page","status-publish","hentry"],"yoast_head":"<!-- This site is optimized with the Yoast SEO plugin v26.9 - https:\/\/yoast.com\/product\/yoast-seo-wordpress\/ -->\n<title>Restaurant &#8226; Hotel Continental &#8226;<\/title>\n<meta name=\"description\" content=\"Im Hotel Continental sind unsere G\u00e4ste herzlich eingeladen, unsere Honesty Bar zu nutzen, die sich auf der Rezeptionsebene befindet und rund um die Uhr ge\u00f6ffnet ist. Sie ist der ideale Ort, um eine frisch gebr\u00fchte Tasse Kaffee, ein Glas Wein oder einen Digestif in der eleganten Atmosph\u00e4re unseres Tea Rooms zu genie\u00dfen.\" \/>\n<meta name=\"robots\" content=\"index, follow, max-snippet:-1, max-image-preview:large, max-video-preview:-1\" \/>\n<link rel=\"canonical\" href=\"https:\/\/www.hotelcontinentalcremona.it\/de\/restaurant\/\" \/>\n<meta property=\"og:locale\" content=\"de_DE\" \/>\n<meta property=\"og:type\" content=\"article\" \/>\n<meta property=\"og:title\" content=\"Restaurant &#8226; Hotel Continental &#8226;\" \/>\n<meta property=\"og:description\" content=\"Im Hotel Continental sind unsere G\u00e4ste herzlich eingeladen, unsere Honesty Bar zu nutzen, die sich auf der Rezeptionsebene befindet und rund um die Uhr ge\u00f6ffnet ist. Sie ist der ideale Ort, um eine frisch gebr\u00fchte Tasse Kaffee, ein Glas Wein oder einen Digestif in der eleganten Atmosph\u00e4re unseres Tea Rooms zu genie\u00dfen.\" \/>\n<meta property=\"og:url\" content=\"https:\/\/www.hotelcontinentalcremona.it\/de\/restaurant\/\" \/>\n<meta property=\"og:site_name\" content=\"Hotel Continental\" \/>\n<meta property=\"article:modified_time\" content=\"2025-09-01T13:51:22+00:00\" \/>\n<meta name=\"twitter:card\" content=\"summary_large_image\" \/>\n<script type=\"application\/ld+json\" class=\"yoast-schema-graph\">{\"@context\":\"https:\/\/schema.org\",\"@graph\":[{\"@type\":\"WebPage\",\"@id\":\"https:\/\/www.hotelcontinentalcremona.it\/de\/restaurant\/\",\"url\":\"https:\/\/www.hotelcontinentalcremona.it\/de\/restaurant\/\",\"name\":\"Restaurant &#8226; Hotel Continental &#8226;\",\"isPartOf\":{\"@id\":\"https:\/\/www.hotelcontinentalcremona.it\/de\/#website\"},\"datePublished\":\"2021-09-17T14:55:31+00:00\",\"dateModified\":\"2025-09-01T13:51:22+00:00\",\"description\":\"Im Hotel Continental sind unsere G\u00e4ste herzlich eingeladen, unsere Honesty Bar zu nutzen, die sich auf der Rezeptionsebene befindet und rund um die Uhr ge\u00f6ffnet ist. Sie ist der ideale Ort, um eine frisch gebr\u00fchte Tasse Kaffee, ein Glas Wein oder einen Digestif in der eleganten Atmosph\u00e4re unseres Tea Rooms zu genie\u00dfen.\",\"breadcrumb\":{\"@id\":\"https:\/\/www.hotelcontinentalcremona.it\/de\/restaurant\/#breadcrumb\"},\"inLanguage\":\"de-DE\",\"potentialAction\":[{\"@type\":\"ReadAction\",\"target\":[\"https:\/\/www.hotelcontinentalcremona.it\/de\/restaurant\/\"]}]},{\"@type\":\"BreadcrumbList\",\"@id\":\"https:\/\/www.hotelcontinentalcremona.it\/de\/restaurant\/#breadcrumb\",\"itemListElement\":[{\"@type\":\"ListItem\",\"position\":1,\"name\":\"Home\",\"item\":\"https:\/\/www.hotelcontinentalcremona.it\/de\/\"},{\"@type\":\"ListItem\",\"position\":2,\"name\":\"Restaurant\"}]},{\"@type\":\"WebSite\",\"@id\":\"https:\/\/www.hotelcontinentalcremona.it\/de\/#website\",\"url\":\"https:\/\/www.hotelcontinentalcremona.it\/de\/\",\"name\":\"Hotel Continental\",\"description\":\"Just another ms.decms.eu site\",\"potentialAction\":[{\"@type\":\"SearchAction\",\"target\":{\"@type\":\"EntryPoint\",\"urlTemplate\":\"https:\/\/www.hotelcontinentalcremona.it\/de\/?s={search_term_string}\"},\"query-input\":{\"@type\":\"PropertyValueSpecification\",\"valueRequired\":true,\"valueName\":\"search_term_string\"}}],\"inLanguage\":\"de-DE\"}]}<\/script>\n<!-- \/ Yoast SEO plugin. -->","yoast_head_json":{"title":"Restaurant &#8226; Hotel Continental &#8226;","description":"Im Hotel Continental sind unsere G\u00e4ste herzlich eingeladen, unsere Honesty Bar zu nutzen, die sich auf der Rezeptionsebene befindet und rund um die Uhr ge\u00f6ffnet ist. Sie ist der ideale Ort, um eine frisch gebr\u00fchte Tasse Kaffee, ein Glas Wein oder einen Digestif in der eleganten Atmosph\u00e4re unseres Tea Rooms zu genie\u00dfen.","robots":{"index":"index","follow":"follow","max-snippet":"max-snippet:-1","max-image-preview":"max-image-preview:large","max-video-preview":"max-video-preview:-1"},"canonical":"https:\/\/www.hotelcontinentalcremona.it\/de\/restaurant\/","og_locale":"de_DE","og_type":"article","og_title":"Restaurant &#8226; Hotel Continental &#8226;","og_description":"Im Hotel Continental sind unsere G\u00e4ste herzlich eingeladen, unsere Honesty Bar zu nutzen, die sich auf der Rezeptionsebene befindet und rund um die Uhr ge\u00f6ffnet ist. Sie ist der ideale Ort, um eine frisch gebr\u00fchte Tasse Kaffee, ein Glas Wein oder einen Digestif in der eleganten Atmosph\u00e4re unseres Tea Rooms zu genie\u00dfen.","og_url":"https:\/\/www.hotelcontinentalcremona.it\/de\/restaurant\/","og_site_name":"Hotel Continental","article_modified_time":"2025-09-01T13:51:22+00:00","twitter_card":"summary_large_image","schema":{"@context":"https:\/\/schema.org","@graph":[{"@type":"WebPage","@id":"https:\/\/www.hotelcontinentalcremona.it\/de\/restaurant\/","url":"https:\/\/www.hotelcontinentalcremona.it\/de\/restaurant\/","name":"Restaurant &#8226; Hotel Continental &#8226;","isPartOf":{"@id":"https:\/\/www.hotelcontinentalcremona.it\/de\/#website"},"datePublished":"2021-09-17T14:55:31+00:00","dateModified":"2025-09-01T13:51:22+00:00","description":"Im Hotel Continental sind unsere G\u00e4ste herzlich eingeladen, unsere Honesty Bar zu nutzen, die sich auf der Rezeptionsebene befindet und rund um die Uhr ge\u00f6ffnet ist. Sie ist der ideale Ort, um eine frisch gebr\u00fchte Tasse Kaffee, ein Glas Wein oder einen Digestif in der eleganten Atmosph\u00e4re unseres Tea Rooms zu genie\u00dfen.","breadcrumb":{"@id":"https:\/\/www.hotelcontinentalcremona.it\/de\/restaurant\/#breadcrumb"},"inLanguage":"de-DE","potentialAction":[{"@type":"ReadAction","target":["https:\/\/www.hotelcontinentalcremona.it\/de\/restaurant\/"]}]},{"@type":"BreadcrumbList","@id":"https:\/\/www.hotelcontinentalcremona.it\/de\/restaurant\/#breadcrumb","itemListElement":[{"@type":"ListItem","position":1,"name":"Home","item":"https:\/\/www.hotelcontinentalcremona.it\/de\/"},{"@type":"ListItem","position":2,"name":"Restaurant"}]},{"@type":"WebSite","@id":"https:\/\/www.hotelcontinentalcremona.it\/de\/#website","url":"https:\/\/www.hotelcontinentalcremona.it\/de\/","name":"Hotel Continental","description":"Just another ms.decms.eu site","potentialAction":[{"@type":"SearchAction","target":{"@type":"EntryPoint","urlTemplate":"https:\/\/www.hotelcontinentalcremona.it\/de\/?s={search_term_string}"},"query-input":{"@type":"PropertyValueSpecification","valueRequired":true,"valueName":"search_term_string"}}],"inLanguage":"de-DE"}]}},"acf":[],"_links":{"self":[{"href":"https:\/\/www.hotelcontinentalcremona.it\/de\/wp-json\/wp\/v2\/pages\/375","targetHints":{"allow":["GET"]}}],"collection":[{"href":"https:\/\/www.hotelcontinentalcremona.it\/de\/wp-json\/wp\/v2\/pages"}],"about":[{"href":"https:\/\/www.hotelcontinentalcremona.it\/de\/wp-json\/wp\/v2\/types\/page"}],"author":[{"embeddable":true,"href":"https:\/\/www.hotelcontinentalcremona.it\/de\/wp-json\/wp\/v2\/users\/344"}],"replies":[{"embeddable":true,"href":"https:\/\/www.hotelcontinentalcremona.it\/de\/wp-json\/wp\/v2\/comments?post=375"}],"version-history":[{"count":0,"href":"https:\/\/www.hotelcontinentalcremona.it\/de\/wp-json\/wp\/v2\/pages\/375\/revisions"}],"wp:attachment":[{"href":"https:\/\/www.hotelcontinentalcremona.it\/de\/wp-json\/wp\/v2\/media?parent=375"}],"curies":[{"name":"wp","href":"https:\/\/api.w.org\/{rel}","templated":true}]}}