{"id":369,"date":"2021-09-17T14:45:13","date_gmt":"2021-09-17T14:45:13","guid":{"rendered":"https:\/\/hotel-continental.ms.decms.eu\/?page_id=369"},"modified":"2024-12-05T16:35:07","modified_gmt":"2024-12-05T16:35:07","slug":"meeting","status":"publish","type":"page","link":"https:\/\/www.hotelcontinentalcremona.it\/de\/meeting\/","title":{"rendered":"Meeting"},"content":{"rendered":"<p>Das Hotel bietet 2 helle Tagungsr\u00e4ume in der obersten Etage, die f\u00fcr bis zu 100 und 20 Personen ausgestattet sind.<\/p>\n<p>Alle R\u00e4umlichkeiten haben Tageslicht und eine panoramische Sicht und sind mit der fortschrittlichsten Technologie ausgestattet: ein kleiner Regiesaal f\u00fcr Audio- und Videokonferenzen; zwei Monitors led 50 Zoll und Videoprojektor mit 85 Zoll monitor; M\u00f6glichkeit, die Audio- oder Videokonferenz auf Dvd aufzunehmen. Fernsehkameras, um die Konferenz direkt aufzunehmen und auf den Monitor zu \u00fcbertragen; Podium, verschiedene Mikrofone: drahtloses Mikrofon, festes Mikrofon am Tisch der Relatoren und drahtloses, ansteckbares Mikrofon, PC, auf Wunsch ganzt\u00e4gige oder stundenweise technische Assistenz m\u00f6glich.<\/p>\n<p>Zur Verf\u00fcgung stehen Welcome Coffee, Coffee-break, Verpflegung im AlQuarto Roof Garden Restaurant oder im rustikalen Bistrot.<\/p>\n<p>Sala Stradivari: <a href=\"https:\/\/www.hotelcontinentalcremona.it\/wp-content\/uploads\/sites\/320\/2024\/12\/Sala-Stradivari-EN.pdf\" target=\"_blank\" rel=\"noopener\">click here<\/a><\/p>\n<p>Sala Boardroom: <a href=\"https:\/\/www.hotelcontinentalcremona.it\/wp-content\/uploads\/sites\/320\/2024\/12\/Sala-Boardroom-EN.pdf\" target=\"_blank\" rel=\"noopener\">click here<\/a><\/p>\n<p>F\u00fcr weitere Informationen wenden Sie sich bitte an Gianluca Pizzera, <a href=\"mailto:corporate@cremonahotels.it\">corporate@cremonahotels.it<\/a> oder +390372434141<\/p>\n","protected":false},"excerpt":{"rendered":"<p>Das Hotel bietet 2 helle Tagungsr\u00e4ume in der obersten Etage, die f\u00fcr bis zu 100 und 20 Personen ausgestattet sind. Alle R\u00e4umlichkeiten haben Tageslicht und eine panoramische Sicht und sind mit der fortschrittlichsten Technologie ausgestattet: ein kleiner Regiesaal f\u00fcr Audio- und Videokonferenzen; zwei Monitors led 50 Zoll und Videoprojektor mit 85 Zoll monitor; M\u00f6glichkeit, die [&hellip;]<\/p>\n","protected":false},"author":344,"featured_media":0,"parent":0,"menu_order":40,"comment_status":"closed","ping_status":"closed","template":"template-meetings.php","meta":{"footnotes":""},"class_list":["post-369","page","type-page","status-publish","hentry"],"yoast_head":"<!-- This site is optimized with the Yoast SEO plugin v26.9 - https:\/\/yoast.com\/product\/yoast-seo-wordpress\/ -->\n<title>Meeting &#8226; Hotel Continental &#8226;<\/title>\n<meta name=\"description\" content=\"Das Hotel bietet 2 helle Tagungsr\u00e4ume in der obersten Etage, die f\u00fcr bis zu 100 und 20 Personen ausgestattet sind.  Alle R\u00e4umlichkeiten haben Tageslicht und eine panoramische Sicht und sind mit der fortschrittlichsten Technologie ausgestattet: ein kleiner Regiesaal f\u00fcr Audio- und Videokonferenzen; zwei Monitors led 50 Zoll und Videoprojektor mit 85 Zoll monitor; M\u00f6glichkeit, die Audio- oder Videokonferenz auf Dvd aufzunehmen. Fernsehkameras, um die Konferenz direkt aufzunehmen und auf den Monitor zu \u00fcbertragen; Podium, verschiedene Mikrofone: drahtloses Mikrofon, festes Mikrofon am Tisch der Relatoren und drahtloses, ansteckbares Mikrofon, PC, auf Wunsch ganzt\u00e4gige oder stundenweise technische Assistenz m\u00f6glich.  Zur Verf\u00fcgung stehen Welcome Coffee, Coffee-break, Verpflegung im AlQuarto Roof Garden Restaurant oder im rustikalen Bistrot.  Sala Stradivari: click here  Sala Boardroom: click here  F\u00fcr weitere Informationen wenden Sie sich bitte an Gianluca Pizzera, corporate@cremonahotels.it oder +390372434141\" \/>\n<meta name=\"robots\" content=\"index, follow, max-snippet:-1, max-image-preview:large, max-video-preview:-1\" \/>\n<link rel=\"canonical\" href=\"https:\/\/www.hotelcontinentalcremona.it\/de\/meeting\/\" \/>\n<meta property=\"og:locale\" content=\"de_DE\" \/>\n<meta property=\"og:type\" content=\"article\" \/>\n<meta property=\"og:title\" content=\"Meeting &#8226; Hotel Continental &#8226;\" \/>\n<meta property=\"og:description\" content=\"Das Hotel bietet 2 helle Tagungsr\u00e4ume in der obersten Etage, die f\u00fcr bis zu 100 und 20 Personen ausgestattet sind.  Alle R\u00e4umlichkeiten haben Tageslicht und eine panoramische Sicht und sind mit der fortschrittlichsten Technologie ausgestattet: ein kleiner Regiesaal f\u00fcr Audio- und Videokonferenzen; zwei Monitors led 50 Zoll und Videoprojektor mit 85 Zoll monitor; M\u00f6glichkeit, die Audio- oder Videokonferenz auf Dvd aufzunehmen. Fernsehkameras, um die Konferenz direkt aufzunehmen und auf den Monitor zu \u00fcbertragen; Podium, verschiedene Mikrofone: drahtloses Mikrofon, festes Mikrofon am Tisch der Relatoren und drahtloses, ansteckbares Mikrofon, PC, auf Wunsch ganzt\u00e4gige oder stundenweise technische Assistenz m\u00f6glich.  Zur Verf\u00fcgung stehen Welcome Coffee, Coffee-break, Verpflegung im AlQuarto Roof Garden Restaurant oder im rustikalen Bistrot.  Sala Stradivari: click here  Sala Boardroom: click here  F\u00fcr weitere Informationen wenden Sie sich bitte an Gianluca Pizzera, corporate@cremonahotels.it oder +390372434141\" \/>\n<meta property=\"og:url\" content=\"https:\/\/www.hotelcontinentalcremona.it\/de\/meeting\/\" \/>\n<meta property=\"og:site_name\" content=\"Hotel Continental\" \/>\n<meta property=\"article:modified_time\" content=\"2024-12-05T16:35:07+00:00\" \/>\n<meta name=\"twitter:card\" content=\"summary_large_image\" \/>\n<meta name=\"twitter:label1\" content=\"Gesch\u00e4tzte Lesezeit\" \/>\n\t<meta name=\"twitter:data1\" content=\"1 Minute\" \/>\n<script type=\"application\/ld+json\" class=\"yoast-schema-graph\">{\"@context\":\"https:\/\/schema.org\",\"@graph\":[{\"@type\":\"WebPage\",\"@id\":\"https:\/\/www.hotelcontinentalcremona.it\/de\/meeting\/\",\"url\":\"https:\/\/www.hotelcontinentalcremona.it\/de\/meeting\/\",\"name\":\"Meeting &#8226; Hotel Continental &#8226;\",\"isPartOf\":{\"@id\":\"https:\/\/www.hotelcontinentalcremona.it\/de\/#website\"},\"datePublished\":\"2021-09-17T14:45:13+00:00\",\"dateModified\":\"2024-12-05T16:35:07+00:00\",\"description\":\"Das Hotel bietet 2 helle Tagungsr\u00e4ume in der obersten Etage, die f\u00fcr bis zu 100 und 20 Personen ausgestattet sind. Alle R\u00e4umlichkeiten haben Tageslicht und eine panoramische Sicht und sind mit der fortschrittlichsten Technologie ausgestattet: ein kleiner Regiesaal f\u00fcr Audio- und Videokonferenzen; zwei Monitors led 50 Zoll und Videoprojektor mit 85 Zoll monitor; M\u00f6glichkeit, die Audio- oder Videokonferenz auf Dvd aufzunehmen. Fernsehkameras, um die Konferenz direkt aufzunehmen und auf den Monitor zu \u00fcbertragen; Podium, verschiedene Mikrofone: drahtloses Mikrofon, festes Mikrofon am Tisch der Relatoren und drahtloses, ansteckbares Mikrofon, PC, auf Wunsch ganzt\u00e4gige oder stundenweise technische Assistenz m\u00f6glich. Zur Verf\u00fcgung stehen Welcome Coffee, Coffee-break, Verpflegung im AlQuarto Roof Garden Restaurant oder im rustikalen Bistrot. Sala Stradivari: click here Sala Boardroom: click here F\u00fcr weitere Informationen wenden Sie sich bitte an Gianluca Pizzera, corporate@cremonahotels.it oder +390372434141\",\"breadcrumb\":{\"@id\":\"https:\/\/www.hotelcontinentalcremona.it\/de\/meeting\/#breadcrumb\"},\"inLanguage\":\"de-DE\",\"potentialAction\":[{\"@type\":\"ReadAction\",\"target\":[\"https:\/\/www.hotelcontinentalcremona.it\/de\/meeting\/\"]}]},{\"@type\":\"BreadcrumbList\",\"@id\":\"https:\/\/www.hotelcontinentalcremona.it\/de\/meeting\/#breadcrumb\",\"itemListElement\":[{\"@type\":\"ListItem\",\"position\":1,\"name\":\"Home\",\"item\":\"https:\/\/www.hotelcontinentalcremona.it\/de\/\"},{\"@type\":\"ListItem\",\"position\":2,\"name\":\"Meeting\"}]},{\"@type\":\"WebSite\",\"@id\":\"https:\/\/www.hotelcontinentalcremona.it\/de\/#website\",\"url\":\"https:\/\/www.hotelcontinentalcremona.it\/de\/\",\"name\":\"Hotel Continental\",\"description\":\"Just another ms.decms.eu site\",\"potentialAction\":[{\"@type\":\"SearchAction\",\"target\":{\"@type\":\"EntryPoint\",\"urlTemplate\":\"https:\/\/www.hotelcontinentalcremona.it\/de\/?s={search_term_string}\"},\"query-input\":{\"@type\":\"PropertyValueSpecification\",\"valueRequired\":true,\"valueName\":\"search_term_string\"}}],\"inLanguage\":\"de-DE\"}]}<\/script>\n<!-- \/ Yoast SEO plugin. -->","yoast_head_json":{"title":"Meeting &#8226; Hotel Continental &#8226;","description":"Das Hotel bietet 2 helle Tagungsr\u00e4ume in der obersten Etage, die f\u00fcr bis zu 100 und 20 Personen ausgestattet sind.  Alle R\u00e4umlichkeiten haben Tageslicht und eine panoramische Sicht und sind mit der fortschrittlichsten Technologie ausgestattet: ein kleiner Regiesaal f\u00fcr Audio- und Videokonferenzen; zwei Monitors led 50 Zoll und Videoprojektor mit 85 Zoll monitor; M\u00f6glichkeit, die Audio- oder Videokonferenz auf Dvd aufzunehmen. Fernsehkameras, um die Konferenz direkt aufzunehmen und auf den Monitor zu \u00fcbertragen; Podium, verschiedene Mikrofone: drahtloses Mikrofon, festes Mikrofon am Tisch der Relatoren und drahtloses, ansteckbares Mikrofon, PC, auf Wunsch ganzt\u00e4gige oder stundenweise technische Assistenz m\u00f6glich.  Zur Verf\u00fcgung stehen Welcome Coffee, Coffee-break, Verpflegung im AlQuarto Roof Garden Restaurant oder im rustikalen Bistrot.  Sala Stradivari: click here  Sala Boardroom: click here  F\u00fcr weitere Informationen wenden Sie sich bitte an Gianluca Pizzera, corporate@cremonahotels.it oder +390372434141","robots":{"index":"index","follow":"follow","max-snippet":"max-snippet:-1","max-image-preview":"max-image-preview:large","max-video-preview":"max-video-preview:-1"},"canonical":"https:\/\/www.hotelcontinentalcremona.it\/de\/meeting\/","og_locale":"de_DE","og_type":"article","og_title":"Meeting &#8226; Hotel Continental &#8226;","og_description":"Das Hotel bietet 2 helle Tagungsr\u00e4ume in der obersten Etage, die f\u00fcr bis zu 100 und 20 Personen ausgestattet sind.  Alle R\u00e4umlichkeiten haben Tageslicht und eine panoramische Sicht und sind mit der fortschrittlichsten Technologie ausgestattet: ein kleiner Regiesaal f\u00fcr Audio- und Videokonferenzen; zwei Monitors led 50 Zoll und Videoprojektor mit 85 Zoll monitor; M\u00f6glichkeit, die Audio- oder Videokonferenz auf Dvd aufzunehmen. Fernsehkameras, um die Konferenz direkt aufzunehmen und auf den Monitor zu \u00fcbertragen; Podium, verschiedene Mikrofone: drahtloses Mikrofon, festes Mikrofon am Tisch der Relatoren und drahtloses, ansteckbares Mikrofon, PC, auf Wunsch ganzt\u00e4gige oder stundenweise technische Assistenz m\u00f6glich.  Zur Verf\u00fcgung stehen Welcome Coffee, Coffee-break, Verpflegung im AlQuarto Roof Garden Restaurant oder im rustikalen Bistrot.  Sala Stradivari: click here  Sala Boardroom: click here  F\u00fcr weitere Informationen wenden Sie sich bitte an Gianluca Pizzera, corporate@cremonahotels.it oder +390372434141","og_url":"https:\/\/www.hotelcontinentalcremona.it\/de\/meeting\/","og_site_name":"Hotel Continental","article_modified_time":"2024-12-05T16:35:07+00:00","twitter_card":"summary_large_image","twitter_misc":{"Gesch\u00e4tzte Lesezeit":"1 Minute"},"schema":{"@context":"https:\/\/schema.org","@graph":[{"@type":"WebPage","@id":"https:\/\/www.hotelcontinentalcremona.it\/de\/meeting\/","url":"https:\/\/www.hotelcontinentalcremona.it\/de\/meeting\/","name":"Meeting &#8226; Hotel Continental &#8226;","isPartOf":{"@id":"https:\/\/www.hotelcontinentalcremona.it\/de\/#website"},"datePublished":"2021-09-17T14:45:13+00:00","dateModified":"2024-12-05T16:35:07+00:00","description":"Das Hotel bietet 2 helle Tagungsr\u00e4ume in der obersten Etage, die f\u00fcr bis zu 100 und 20 Personen ausgestattet sind. Alle R\u00e4umlichkeiten haben Tageslicht und eine panoramische Sicht und sind mit der fortschrittlichsten Technologie ausgestattet: ein kleiner Regiesaal f\u00fcr Audio- und Videokonferenzen; zwei Monitors led 50 Zoll und Videoprojektor mit 85 Zoll monitor; M\u00f6glichkeit, die Audio- oder Videokonferenz auf Dvd aufzunehmen. Fernsehkameras, um die Konferenz direkt aufzunehmen und auf den Monitor zu \u00fcbertragen; Podium, verschiedene Mikrofone: drahtloses Mikrofon, festes Mikrofon am Tisch der Relatoren und drahtloses, ansteckbares Mikrofon, PC, auf Wunsch ganzt\u00e4gige oder stundenweise technische Assistenz m\u00f6glich. Zur Verf\u00fcgung stehen Welcome Coffee, Coffee-break, Verpflegung im AlQuarto Roof Garden Restaurant oder im rustikalen Bistrot. Sala Stradivari: click here Sala Boardroom: click here F\u00fcr weitere Informationen wenden Sie sich bitte an Gianluca Pizzera, corporate@cremonahotels.it oder +390372434141","breadcrumb":{"@id":"https:\/\/www.hotelcontinentalcremona.it\/de\/meeting\/#breadcrumb"},"inLanguage":"de-DE","potentialAction":[{"@type":"ReadAction","target":["https:\/\/www.hotelcontinentalcremona.it\/de\/meeting\/"]}]},{"@type":"BreadcrumbList","@id":"https:\/\/www.hotelcontinentalcremona.it\/de\/meeting\/#breadcrumb","itemListElement":[{"@type":"ListItem","position":1,"name":"Home","item":"https:\/\/www.hotelcontinentalcremona.it\/de\/"},{"@type":"ListItem","position":2,"name":"Meeting"}]},{"@type":"WebSite","@id":"https:\/\/www.hotelcontinentalcremona.it\/de\/#website","url":"https:\/\/www.hotelcontinentalcremona.it\/de\/","name":"Hotel Continental","description":"Just another ms.decms.eu site","potentialAction":[{"@type":"SearchAction","target":{"@type":"EntryPoint","urlTemplate":"https:\/\/www.hotelcontinentalcremona.it\/de\/?s={search_term_string}"},"query-input":{"@type":"PropertyValueSpecification","valueRequired":true,"valueName":"search_term_string"}}],"inLanguage":"de-DE"}]}},"acf":[],"_links":{"self":[{"href":"https:\/\/www.hotelcontinentalcremona.it\/de\/wp-json\/wp\/v2\/pages\/369","targetHints":{"allow":["GET"]}}],"collection":[{"href":"https:\/\/www.hotelcontinentalcremona.it\/de\/wp-json\/wp\/v2\/pages"}],"about":[{"href":"https:\/\/www.hotelcontinentalcremona.it\/de\/wp-json\/wp\/v2\/types\/page"}],"author":[{"embeddable":true,"href":"https:\/\/www.hotelcontinentalcremona.it\/de\/wp-json\/wp\/v2\/users\/344"}],"replies":[{"embeddable":true,"href":"https:\/\/www.hotelcontinentalcremona.it\/de\/wp-json\/wp\/v2\/comments?post=369"}],"version-history":[{"count":0,"href":"https:\/\/www.hotelcontinentalcremona.it\/de\/wp-json\/wp\/v2\/pages\/369\/revisions"}],"wp:attachment":[{"href":"https:\/\/www.hotelcontinentalcremona.it\/de\/wp-json\/wp\/v2\/media?parent=369"}],"curies":[{"name":"wp","href":"https:\/\/api.w.org\/{rel}","templated":true}]}}