{"id":346,"date":"2021-09-17T14:22:41","date_gmt":"2021-09-17T14:22:41","guid":{"rendered":"https:\/\/hotel-continental.ms.decms.eu\/?page_id=346"},"modified":"2025-09-01T13:46:56","modified_gmt":"2025-09-01T13:46:56","slug":"hotel","status":"publish","type":"page","link":"https:\/\/www.hotelcontinentalcremona.it\/de\/hotel\/","title":{"rendered":"Hotel"},"content":{"rendered":"<p>Unseren G\u00e4sten steht auch eine Pizzer\u00eca zur Verf\u00fcgung. &#8222;La Pizza d&#8217;autore&#8220;befindet sich in der N\u00e4he der Rezeption.<\/p>\n<p>Zur Verf\u00fcgung stehen auch zwei Versammlungsr\u00e4ume, der &#8222;Stradivari-Saal&#8220;, der bis zu hundert Personen aufnehmen kann und ein boardroom f\u00fcr kleinere meetings.<\/p>\n<p>Das Hotel verf\u00fcgt nicht \u00fcber einen privaten Parkplatz, aber 150 Meter entfernt befindet sich der gr\u00f6\u00dfte st\u00e4dtische Parkplatz in Cremona. Das Parken ist \u00f6ffentlich, extern und v\u00f6llig kostenlos (Parkplatz des Roten Kreuzes).<\/p>\n<p>Im 4. Stock erwartet Sie unsere Turnhalle mit Blick auf Cremona.<\/p>\n<p>&nbsp;<\/p>\n","protected":false},"excerpt":{"rendered":"<p>Unseren G\u00e4sten steht auch eine Pizzer\u00eca zur Verf\u00fcgung. &#8222;La Pizza d&#8217;autore&#8220;befindet sich in der N\u00e4he der Rezeption. Zur Verf\u00fcgung stehen auch zwei Versammlungsr\u00e4ume, der &#8222;Stradivari-Saal&#8220;, der bis zu hundert Personen aufnehmen kann und ein boardroom f\u00fcr kleinere meetings. Das Hotel verf\u00fcgt nicht \u00fcber einen privaten Parkplatz, aber 150 Meter entfernt befindet sich der gr\u00f6\u00dfte st\u00e4dtische [&hellip;]<\/p>\n","protected":false},"author":344,"featured_media":0,"parent":0,"menu_order":20,"comment_status":"closed","ping_status":"closed","template":"template-hotel.php","meta":{"footnotes":""},"class_list":["post-346","page","type-page","status-publish","hentry"],"yoast_head":"<!-- This site is optimized with the Yoast SEO plugin v26.9 - https:\/\/yoast.com\/product\/yoast-seo-wordpress\/ -->\n<title>Hotel &#8226; Hotel Continental &#8226;<\/title>\n<meta name=\"description\" content=\"Unseren G\u00e4sten steht auch eine Pizzer\u00eca zur Verf\u00fcgung. &quot;La Pizza d&#039;autore&quot;befindet sich in der N\u00e4he der Rezeption.  Zur Verf\u00fcgung stehen auch zwei Versammlungsr\u00e4ume, der &quot;Stradivari-Saal&quot;, der bis zu hundert Personen aufnehmen kann und ein boardroom f\u00fcr kleinere meetings.  Das Hotel verf\u00fcgt nicht \u00fcber einen privaten Parkplatz, aber 150 Meter entfernt befindet sich der gr\u00f6\u00dfte st\u00e4dtische Parkplatz in Cremona\" \/>\n<meta name=\"robots\" content=\"index, follow, max-snippet:-1, max-image-preview:large, max-video-preview:-1\" \/>\n<link rel=\"canonical\" href=\"https:\/\/www.hotelcontinentalcremona.it\/de\/hotel\/\" \/>\n<meta property=\"og:locale\" content=\"de_DE\" \/>\n<meta property=\"og:type\" content=\"article\" \/>\n<meta property=\"og:title\" content=\"Hotel &#8226; Hotel Continental &#8226;\" \/>\n<meta property=\"og:description\" content=\"Unseren G\u00e4sten steht auch eine Pizzer\u00eca zur Verf\u00fcgung. &quot;La Pizza d&#039;autore&quot;befindet sich in der N\u00e4he der Rezeption.  Zur Verf\u00fcgung stehen auch zwei Versammlungsr\u00e4ume, der &quot;Stradivari-Saal&quot;, der bis zu hundert Personen aufnehmen kann und ein boardroom f\u00fcr kleinere meetings.  Das Hotel verf\u00fcgt nicht \u00fcber einen privaten Parkplatz, aber 150 Meter entfernt befindet sich der gr\u00f6\u00dfte st\u00e4dtische Parkplatz in Cremona\" \/>\n<meta property=\"og:url\" content=\"https:\/\/www.hotelcontinentalcremona.it\/de\/hotel\/\" \/>\n<meta property=\"og:site_name\" content=\"Hotel Continental\" \/>\n<meta property=\"article:modified_time\" content=\"2025-09-01T13:46:56+00:00\" \/>\n<meta name=\"twitter:card\" content=\"summary_large_image\" \/>\n<script type=\"application\/ld+json\" class=\"yoast-schema-graph\">{\"@context\":\"https:\/\/schema.org\",\"@graph\":[{\"@type\":\"WebPage\",\"@id\":\"https:\/\/www.hotelcontinentalcremona.it\/de\/hotel\/\",\"url\":\"https:\/\/www.hotelcontinentalcremona.it\/de\/hotel\/\",\"name\":\"Hotel &#8226; Hotel Continental &#8226;\",\"isPartOf\":{\"@id\":\"https:\/\/www.hotelcontinentalcremona.it\/de\/#website\"},\"datePublished\":\"2021-09-17T14:22:41+00:00\",\"dateModified\":\"2025-09-01T13:46:56+00:00\",\"description\":\"Unseren G\u00e4sten steht auch eine Pizzer\u00eca zur Verf\u00fcgung. \\\"La Pizza d'autore\\\"befindet sich in der N\u00e4he der Rezeption. Zur Verf\u00fcgung stehen auch zwei Versammlungsr\u00e4ume, der \\\"Stradivari-Saal\\\", der bis zu hundert Personen aufnehmen kann und ein boardroom f\u00fcr kleinere meetings. Das Hotel verf\u00fcgt nicht \u00fcber einen privaten Parkplatz, aber 150 Meter entfernt befindet sich der gr\u00f6\u00dfte st\u00e4dtische Parkplatz in Cremona\",\"breadcrumb\":{\"@id\":\"https:\/\/www.hotelcontinentalcremona.it\/de\/hotel\/#breadcrumb\"},\"inLanguage\":\"de-DE\",\"potentialAction\":[{\"@type\":\"ReadAction\",\"target\":[\"https:\/\/www.hotelcontinentalcremona.it\/de\/hotel\/\"]}]},{\"@type\":\"BreadcrumbList\",\"@id\":\"https:\/\/www.hotelcontinentalcremona.it\/de\/hotel\/#breadcrumb\",\"itemListElement\":[{\"@type\":\"ListItem\",\"position\":1,\"name\":\"Home\",\"item\":\"https:\/\/www.hotelcontinentalcremona.it\/de\/\"},{\"@type\":\"ListItem\",\"position\":2,\"name\":\"Hotel\"}]},{\"@type\":\"WebSite\",\"@id\":\"https:\/\/www.hotelcontinentalcremona.it\/de\/#website\",\"url\":\"https:\/\/www.hotelcontinentalcremona.it\/de\/\",\"name\":\"Hotel Continental\",\"description\":\"Just another ms.decms.eu site\",\"potentialAction\":[{\"@type\":\"SearchAction\",\"target\":{\"@type\":\"EntryPoint\",\"urlTemplate\":\"https:\/\/www.hotelcontinentalcremona.it\/de\/?s={search_term_string}\"},\"query-input\":{\"@type\":\"PropertyValueSpecification\",\"valueRequired\":true,\"valueName\":\"search_term_string\"}}],\"inLanguage\":\"de-DE\"}]}<\/script>\n<!-- \/ Yoast SEO plugin. -->","yoast_head_json":{"title":"Hotel &#8226; Hotel Continental &#8226;","description":"Unseren G\u00e4sten steht auch eine Pizzer\u00eca zur Verf\u00fcgung. \"La Pizza d'autore\"befindet sich in der N\u00e4he der Rezeption.  Zur Verf\u00fcgung stehen auch zwei Versammlungsr\u00e4ume, der \"Stradivari-Saal\", der bis zu hundert Personen aufnehmen kann und ein boardroom f\u00fcr kleinere meetings.  Das Hotel verf\u00fcgt nicht \u00fcber einen privaten Parkplatz, aber 150 Meter entfernt befindet sich der gr\u00f6\u00dfte st\u00e4dtische Parkplatz in Cremona","robots":{"index":"index","follow":"follow","max-snippet":"max-snippet:-1","max-image-preview":"max-image-preview:large","max-video-preview":"max-video-preview:-1"},"canonical":"https:\/\/www.hotelcontinentalcremona.it\/de\/hotel\/","og_locale":"de_DE","og_type":"article","og_title":"Hotel &#8226; Hotel Continental &#8226;","og_description":"Unseren G\u00e4sten steht auch eine Pizzer\u00eca zur Verf\u00fcgung. \"La Pizza d'autore\"befindet sich in der N\u00e4he der Rezeption.  Zur Verf\u00fcgung stehen auch zwei Versammlungsr\u00e4ume, der \"Stradivari-Saal\", der bis zu hundert Personen aufnehmen kann und ein boardroom f\u00fcr kleinere meetings.  Das Hotel verf\u00fcgt nicht \u00fcber einen privaten Parkplatz, aber 150 Meter entfernt befindet sich der gr\u00f6\u00dfte st\u00e4dtische Parkplatz in Cremona","og_url":"https:\/\/www.hotelcontinentalcremona.it\/de\/hotel\/","og_site_name":"Hotel Continental","article_modified_time":"2025-09-01T13:46:56+00:00","twitter_card":"summary_large_image","schema":{"@context":"https:\/\/schema.org","@graph":[{"@type":"WebPage","@id":"https:\/\/www.hotelcontinentalcremona.it\/de\/hotel\/","url":"https:\/\/www.hotelcontinentalcremona.it\/de\/hotel\/","name":"Hotel &#8226; Hotel Continental &#8226;","isPartOf":{"@id":"https:\/\/www.hotelcontinentalcremona.it\/de\/#website"},"datePublished":"2021-09-17T14:22:41+00:00","dateModified":"2025-09-01T13:46:56+00:00","description":"Unseren G\u00e4sten steht auch eine Pizzer\u00eca zur Verf\u00fcgung. \"La Pizza d'autore\"befindet sich in der N\u00e4he der Rezeption. Zur Verf\u00fcgung stehen auch zwei Versammlungsr\u00e4ume, der \"Stradivari-Saal\", der bis zu hundert Personen aufnehmen kann und ein boardroom f\u00fcr kleinere meetings. Das Hotel verf\u00fcgt nicht \u00fcber einen privaten Parkplatz, aber 150 Meter entfernt befindet sich der gr\u00f6\u00dfte st\u00e4dtische Parkplatz in Cremona","breadcrumb":{"@id":"https:\/\/www.hotelcontinentalcremona.it\/de\/hotel\/#breadcrumb"},"inLanguage":"de-DE","potentialAction":[{"@type":"ReadAction","target":["https:\/\/www.hotelcontinentalcremona.it\/de\/hotel\/"]}]},{"@type":"BreadcrumbList","@id":"https:\/\/www.hotelcontinentalcremona.it\/de\/hotel\/#breadcrumb","itemListElement":[{"@type":"ListItem","position":1,"name":"Home","item":"https:\/\/www.hotelcontinentalcremona.it\/de\/"},{"@type":"ListItem","position":2,"name":"Hotel"}]},{"@type":"WebSite","@id":"https:\/\/www.hotelcontinentalcremona.it\/de\/#website","url":"https:\/\/www.hotelcontinentalcremona.it\/de\/","name":"Hotel Continental","description":"Just another ms.decms.eu site","potentialAction":[{"@type":"SearchAction","target":{"@type":"EntryPoint","urlTemplate":"https:\/\/www.hotelcontinentalcremona.it\/de\/?s={search_term_string}"},"query-input":{"@type":"PropertyValueSpecification","valueRequired":true,"valueName":"search_term_string"}}],"inLanguage":"de-DE"}]}},"acf":[],"_links":{"self":[{"href":"https:\/\/www.hotelcontinentalcremona.it\/de\/wp-json\/wp\/v2\/pages\/346","targetHints":{"allow":["GET"]}}],"collection":[{"href":"https:\/\/www.hotelcontinentalcremona.it\/de\/wp-json\/wp\/v2\/pages"}],"about":[{"href":"https:\/\/www.hotelcontinentalcremona.it\/de\/wp-json\/wp\/v2\/types\/page"}],"author":[{"embeddable":true,"href":"https:\/\/www.hotelcontinentalcremona.it\/de\/wp-json\/wp\/v2\/users\/344"}],"replies":[{"embeddable":true,"href":"https:\/\/www.hotelcontinentalcremona.it\/de\/wp-json\/wp\/v2\/comments?post=346"}],"version-history":[{"count":0,"href":"https:\/\/www.hotelcontinentalcremona.it\/de\/wp-json\/wp\/v2\/pages\/346\/revisions"}],"wp:attachment":[{"href":"https:\/\/www.hotelcontinentalcremona.it\/de\/wp-json\/wp\/v2\/media?parent=346"}],"curies":[{"name":"wp","href":"https:\/\/api.w.org\/{rel}","templated":true}]}}